{"id":168,"date":"2023-04-10T15:46:33","date_gmt":"2023-04-10T18:46:33","guid":{"rendered":"http:\/\/192.168.101.4\/wwf\/imprint\/"},"modified":"2023-04-27T01:13:15","modified_gmt":"2023-04-27T04:13:15","slug":"privacy-policy","status":"publish","type":"page","link":"https:\/\/foodchoicesexposed.panda.org\/de\/privacy-policy\/","title":{"rendered":"Datenschutzerkl\u00e4rung"},"content":{"rendered":"<p>Bitte lesen Sie diese Richtlinie sorgf\u00e4ltig durch, um zu verstehen, wie wir Ihre pers\u00f6nlichen Daten erfassen, verwenden und speichern.<\/p>\n<p><b>Informationen \u00fcber Food Choices Exposed\u00a0<\/b><\/p>\n<p>Food Choices Exposed wurde im Rahmen des WWF-Projekts #Eat4Change entwickelt, das junge B\u00fcrger*innen f\u00fcr das Thema nachhaltige Ern\u00e4hrung sensibilisieren soll. Das Projekt wird vom Development Education and Awareness Raising Programme (DEAR) der Europ\u00e4ischen Kommission finanziert.<\/p>\n<p>Diese Website wurde mit finanzieller Unterst\u00fctzung der Europ\u00e4ischen Union erstellt und gepflegt. Ihr Inhalt liegt in der alleinigen Verantwortung des WWF und spiegelt nicht unbedingt die Ansichten der Europ\u00e4ischen Union wider.<\/p>\n<p><b>Erfassung von Daten<\/b><\/p>\n<p>W\u00e4hrend Ihrer Reise auf dieser Website werden wir Ihnen drei Fragen stellen:<\/p>\n<ul>\n<li aria-level=\"1\">Wie alt sind Sie?<\/li>\n<li aria-level=\"1\">Haben Sie etwas \u00fcber die Auswirkungen von Lebensmitteln auf die Umwelt gelernt?<\/li>\n<li aria-level=\"1\">Wie wahrscheinlich ist es, dass Sie jetzt Ihre Auswahl an Lebensmitteln \u00fcberdenken werden?<\/li>\n<\/ul>\n<p>Mithilfe der Antworten auf diese Fragen k\u00f6nnen wir feststellen, ob dieses Instrument jungen Menschen hilft, ihre Lebensmittelwahl zu \u00e4ndern. Diese Informationen werden an den WWF Finnland als Koordinator des WWF-Projekts #Eat4Change weitergegeben. Der WWF Finnland wird Ihre Antworten ausschlie\u00dflich f\u00fcr die Berichterstattung \u00fcber das Projekt verwenden.<\/p>\n<p><b>Cookies<\/b><\/p>\n<p>Web-Cookies sind kleine Textausschnitte, die auf Ihrem Computer oder Mobilger\u00e4t gespeichert werden und Sie von anderen Benutzern einer Website unterscheiden. Wie die meisten Websites verwendet auch foodchoicesexposed.panda.org Cookies.<\/p>\n<p><b>Wir verwenden Cookies f\u00fcr die folgenden Zwecke:<\/b><\/p>\n<ul>\n<li aria-level=\"1\">Um Ihre Erfahrung mit unserer Website zu verbessern &#8211; zum Beispiel, damit Sie nur einmal aufgefordert werden, an einer Umfrage teilzunehmen, oder um ein Formular auszublenden, wenn Sie es bereits gesehen haben.<\/li>\n<li aria-level=\"1\">Um anonyme Statistiken zu sammeln &#8211; es ist sehr n\u00fctzlich f\u00fcr uns zu sehen, welche Seiten am beliebtesten sind und wie sie genutzt werden.<\/li>\n<\/ul>\n<p><b>Akzeptanz von Website-Cookies<\/b><\/p>\n<p>Durch die Nutzung unserer Website erkl\u00e4ren Sie sich mit der Verwendung von Cookies einverstanden. Die von uns verwendeten Cookies werden auf Ihrem Ger\u00e4t gespeichert (sofern sie nicht von Ihrem Browser abgelehnt oder deaktiviert werden).<\/p>\n<p><b>Ausschalten von Cookies<\/b><\/p>\n<p>Internet-Browser akzeptieren normalerweise standardm\u00e4\u00dfig einige Cookies. Bei allen modernen Browsern k\u00f6nnen Sie jedoch entweder alle Cookies oder Cookies von Drittanbietern deaktivieren.\u00a0 Wenn Sie mit unserer Verwendung von Cookies nicht einverstanden sind, stellen Sie Ihren Browser bitte so ein, dass er Cookies ablehnt. Dies kann Ihre F\u00e4higkeit, unsere Website zu nutzen, beeintr\u00e4chtigen. Die entsprechende Option finden Sie in der Regel im Men\u00fc Optionen, Einstellungen oder Pr\u00e4ferenzen Ihres Browsers, je nachdem, welchen Browser Sie verwenden.<\/p>\n<p>&nbsp;<\/p>\n<p><b>Wie Sie Ihre Cookie-Einstellungen \u00e4ndern k\u00f6nnen in:<\/b><\/p>\n<ul>\n<li aria-level=\"1\">Internet Explorer<\/li>\n<li aria-level=\"1\">Firefox<\/li>\n<li aria-level=\"1\">Chrome<\/li>\n<li aria-level=\"1\">Safari<\/li>\n<li aria-level=\"1\">iPhone und iPad<\/li>\n<li aria-level=\"1\">Opera<\/li>\n<\/ul>\n<p>Weitere Informationen \u00fcber Cookies finden Sie unter www.allaboutcookies.org.<\/p>\n<p><b>Dies sind die einzigen Cookies, die wir verwenden:<\/b><\/p>\n<ul>\n<li aria-level=\"1\">Name: Matomo<\/li>\n<li aria-level=\"1\">Eigent\u00fcmer: Matomo<\/li>\n<\/ul>\n<p><b>Zweck des Cookies:<\/b> Dies ist ein Webanalysedienst, der Cookies verwendet, um uns zu zeigen, wie Besucher unsere Website gefunden und erkundet haben, und wie wir ihre Erfahrung verbessern k\u00f6nnen. Er liefert uns Informationen \u00fcber das Verhalten unserer Besucher (z. B. wie lange sie auf der Website bleiben) und sagt uns auch, wie viele Besucher wir hatten. Matomo-Nutzer k\u00f6nnen die Analysefunktion sicher nutzen, ohne sich Sorgen machen zu m\u00fcssen, dass die Daten f\u00fcr Marketing- oder andere Zwecke verwendet werden.<\/p>\n","protected":false},"excerpt":{"rendered":"<p>Bitte lesen Sie diese Richtlinie sorgf\u00e4ltig durch, um zu verstehen, wie wir Ihre pers\u00f6nlichen Daten erfassen, verwenden und speichern. Informationen \u00fcber Food Choices Exposed\u00a0 Food Choices Exposed wurde im Rahmen des WWF-Projekts #Eat4Change entwickelt, das junge B\u00fcrger*innen f\u00fcr das Thema nachhaltige Ern\u00e4hrung sensibilisieren soll. Das Projekt wird vom Development Education and Awareness Raising Programme (DEAR) [&hellip;]<\/p>\n","protected":false},"author":2,"featured_media":0,"parent":0,"menu_order":0,"comment_status":"closed","ping_status":"closed","template":"template-imprint.php","meta":{"footnotes":""},"class_list":["post-168","page","type-page","status-publish","hentry"],"yoast_head":"<!-- This site is optimized with the Yoast SEO plugin v27.5 - https:\/\/yoast.com\/product\/yoast-seo-wordpress\/ -->\n<title>Datenschutzerkl\u00e4rung - WWF<\/title>\n<meta name=\"robots\" content=\"index, follow, max-snippet:-1, max-image-preview:large, max-video-preview:-1\" \/>\n<link rel=\"canonical\" href=\"https:\/\/foodchoicesexposed.panda.org\/de\/privacy-policy\/\" \/>\n<meta property=\"og:locale\" content=\"de_DE\" \/>\n<meta property=\"og:type\" content=\"article\" \/>\n<meta property=\"og:title\" content=\"Datenschutzerkl\u00e4rung - WWF\" \/>\n<meta property=\"og:description\" content=\"Bitte lesen Sie diese Richtlinie sorgf\u00e4ltig durch, um zu verstehen, wie wir Ihre pers\u00f6nlichen Daten erfassen, verwenden und speichern. Informationen \u00fcber Food Choices Exposed\u00a0 Food Choices Exposed wurde im Rahmen des WWF-Projekts #Eat4Change entwickelt, das junge B\u00fcrger*innen f\u00fcr das Thema nachhaltige Ern\u00e4hrung sensibilisieren soll. Das Projekt wird vom Development Education and Awareness Raising Programme (DEAR) [&hellip;]\" \/>\n<meta property=\"og:url\" content=\"https:\/\/foodchoicesexposed.panda.org\/de\/privacy-policy\/\" \/>\n<meta property=\"og:site_name\" content=\"WWF\" \/>\n<meta property=\"article:modified_time\" content=\"2023-04-27T04:13:15+00:00\" \/>\n<meta property=\"og:image\" content=\"https:\/\/foodchoicesexposed.panda.org\/wp-content\/uploads\/2023\/04\/wwf-food-choices-de.png\" \/>\n\t<meta property=\"og:image:width\" content=\"1200\" \/>\n\t<meta property=\"og:image:height\" content=\"675\" \/>\n\t<meta property=\"og:image:type\" content=\"image\/png\" \/>\n<meta name=\"twitter:card\" content=\"summary_large_image\" \/>\n<meta name=\"twitter:image\" content=\"https:\/\/foodchoicesexposed.panda.org\/wp-content\/uploads\/2023\/04\/wwf-food-choices-de.png\" \/>\n<meta name=\"twitter:label1\" content=\"Gesch\u00e4tzte Lesezeit\" \/>\n\t<meta name=\"twitter:data1\" content=\"3\u00a0Minuten\" \/>\n<script type=\"application\/ld+json\" class=\"yoast-schema-graph\">{\"@context\":\"https:\\\/\\\/schema.org\",\"@graph\":[{\"@type\":\"WebPage\",\"@id\":\"https:\\\/\\\/foodchoicesexposed.panda.org\\\/de\\\/privacy-policy\\\/\",\"url\":\"https:\\\/\\\/foodchoicesexposed.panda.org\\\/de\\\/privacy-policy\\\/\",\"name\":\"Datenschutzerkl\u00e4rung - WWF\",\"isPartOf\":{\"@id\":\"https:\\\/\\\/foodchoicesexposed.panda.org\\\/#website\"},\"datePublished\":\"2023-04-10T18:46:33+00:00\",\"dateModified\":\"2023-04-27T04:13:15+00:00\",\"breadcrumb\":{\"@id\":\"https:\\\/\\\/foodchoicesexposed.panda.org\\\/de\\\/privacy-policy\\\/#breadcrumb\"},\"inLanguage\":\"de\",\"potentialAction\":[{\"@type\":\"ReadAction\",\"target\":[\"https:\\\/\\\/foodchoicesexposed.panda.org\\\/de\\\/privacy-policy\\\/\"]}]},{\"@type\":\"BreadcrumbList\",\"@id\":\"https:\\\/\\\/foodchoicesexposed.panda.org\\\/de\\\/privacy-policy\\\/#breadcrumb\",\"itemListElement\":[{\"@type\":\"ListItem\",\"position\":1,\"name\":\"Home\",\"item\":\"https:\\\/\\\/foodchoicesexposed.panda.org\\\/de\\\/\"},{\"@type\":\"ListItem\",\"position\":2,\"name\":\"Datenschutzerkl\u00e4rung\"}]},{\"@type\":\"WebSite\",\"@id\":\"https:\\\/\\\/foodchoicesexposed.panda.org\\\/#website\",\"url\":\"https:\\\/\\\/foodchoicesexposed.panda.org\\\/\",\"name\":\"What impacts your food choices?\",\"description\":\"\",\"publisher\":{\"@id\":\"https:\\\/\\\/foodchoicesexposed.panda.org\\\/#organization\"},\"potentialAction\":[{\"@type\":\"SearchAction\",\"target\":{\"@type\":\"EntryPoint\",\"urlTemplate\":\"https:\\\/\\\/foodchoicesexposed.panda.org\\\/?s={search_term_string}\"},\"query-input\":{\"@type\":\"PropertyValueSpecification\",\"valueRequired\":true,\"valueName\":\"search_term_string\"}}],\"inLanguage\":\"de\"},{\"@type\":\"Organization\",\"@id\":\"https:\\\/\\\/foodchoicesexposed.panda.org\\\/#organization\",\"name\":\"What impacts your food choices?\",\"url\":\"https:\\\/\\\/foodchoicesexposed.panda.org\\\/\",\"logo\":{\"@type\":\"ImageObject\",\"inLanguage\":\"de\",\"@id\":\"https:\\\/\\\/foodchoicesexposed.panda.org\\\/#\\\/schema\\\/logo\\\/image\\\/\",\"url\":\"https:\\\/\\\/foodchoicesexposed.panda.org\\\/wp-content\\\/uploads\\\/2023\\\/04\\\/Sin-titulo.png\",\"contentUrl\":\"https:\\\/\\\/foodchoicesexposed.panda.org\\\/wp-content\\\/uploads\\\/2023\\\/04\\\/Sin-titulo.png\",\"width\":259,\"height\":194,\"caption\":\"What impacts your food choices?\"},\"image\":{\"@id\":\"https:\\\/\\\/foodchoicesexposed.panda.org\\\/#\\\/schema\\\/logo\\\/image\\\/\"}}]}<\/script>\n<!-- \/ Yoast SEO plugin. -->","yoast_head_json":{"title":"Datenschutzerkl\u00e4rung - WWF","robots":{"index":"index","follow":"follow","max-snippet":"max-snippet:-1","max-image-preview":"max-image-preview:large","max-video-preview":"max-video-preview:-1"},"canonical":"https:\/\/foodchoicesexposed.panda.org\/de\/privacy-policy\/","og_locale":"de_DE","og_type":"article","og_title":"Datenschutzerkl\u00e4rung - WWF","og_description":"Bitte lesen Sie diese Richtlinie sorgf\u00e4ltig durch, um zu verstehen, wie wir Ihre pers\u00f6nlichen Daten erfassen, verwenden und speichern. Informationen \u00fcber Food Choices Exposed\u00a0 Food Choices Exposed wurde im Rahmen des WWF-Projekts #Eat4Change entwickelt, das junge B\u00fcrger*innen f\u00fcr das Thema nachhaltige Ern\u00e4hrung sensibilisieren soll. Das Projekt wird vom Development Education and Awareness Raising Programme (DEAR) [&hellip;]","og_url":"https:\/\/foodchoicesexposed.panda.org\/de\/privacy-policy\/","og_site_name":"WWF","article_modified_time":"2023-04-27T04:13:15+00:00","og_image":[{"width":1200,"height":675,"url":"https:\/\/foodchoicesexposed.panda.org\/wp-content\/uploads\/2023\/04\/wwf-food-choices-de.png","type":"image\/png"}],"twitter_card":"summary_large_image","twitter_image":"https:\/\/foodchoicesexposed.panda.org\/wp-content\/uploads\/2023\/04\/wwf-food-choices-de.png","twitter_misc":{"Gesch\u00e4tzte Lesezeit":"3\u00a0Minuten"},"schema":{"@context":"https:\/\/schema.org","@graph":[{"@type":"WebPage","@id":"https:\/\/foodchoicesexposed.panda.org\/de\/privacy-policy\/","url":"https:\/\/foodchoicesexposed.panda.org\/de\/privacy-policy\/","name":"Datenschutzerkl\u00e4rung - WWF","isPartOf":{"@id":"https:\/\/foodchoicesexposed.panda.org\/#website"},"datePublished":"2023-04-10T18:46:33+00:00","dateModified":"2023-04-27T04:13:15+00:00","breadcrumb":{"@id":"https:\/\/foodchoicesexposed.panda.org\/de\/privacy-policy\/#breadcrumb"},"inLanguage":"de","potentialAction":[{"@type":"ReadAction","target":["https:\/\/foodchoicesexposed.panda.org\/de\/privacy-policy\/"]}]},{"@type":"BreadcrumbList","@id":"https:\/\/foodchoicesexposed.panda.org\/de\/privacy-policy\/#breadcrumb","itemListElement":[{"@type":"ListItem","position":1,"name":"Home","item":"https:\/\/foodchoicesexposed.panda.org\/de\/"},{"@type":"ListItem","position":2,"name":"Datenschutzerkl\u00e4rung"}]},{"@type":"WebSite","@id":"https:\/\/foodchoicesexposed.panda.org\/#website","url":"https:\/\/foodchoicesexposed.panda.org\/","name":"What impacts your food choices?","description":"","publisher":{"@id":"https:\/\/foodchoicesexposed.panda.org\/#organization"},"potentialAction":[{"@type":"SearchAction","target":{"@type":"EntryPoint","urlTemplate":"https:\/\/foodchoicesexposed.panda.org\/?s={search_term_string}"},"query-input":{"@type":"PropertyValueSpecification","valueRequired":true,"valueName":"search_term_string"}}],"inLanguage":"de"},{"@type":"Organization","@id":"https:\/\/foodchoicesexposed.panda.org\/#organization","name":"What impacts your food choices?","url":"https:\/\/foodchoicesexposed.panda.org\/","logo":{"@type":"ImageObject","inLanguage":"de","@id":"https:\/\/foodchoicesexposed.panda.org\/#\/schema\/logo\/image\/","url":"https:\/\/foodchoicesexposed.panda.org\/wp-content\/uploads\/2023\/04\/Sin-titulo.png","contentUrl":"https:\/\/foodchoicesexposed.panda.org\/wp-content\/uploads\/2023\/04\/Sin-titulo.png","width":259,"height":194,"caption":"What impacts your food choices?"},"image":{"@id":"https:\/\/foodchoicesexposed.panda.org\/#\/schema\/logo\/image\/"}}]}},"_links":{"self":[{"href":"https:\/\/foodchoicesexposed.panda.org\/de\/wp-json\/wp\/v2\/pages\/168","targetHints":{"allow":["GET"]}}],"collection":[{"href":"https:\/\/foodchoicesexposed.panda.org\/de\/wp-json\/wp\/v2\/pages"}],"about":[{"href":"https:\/\/foodchoicesexposed.panda.org\/de\/wp-json\/wp\/v2\/types\/page"}],"author":[{"embeddable":true,"href":"https:\/\/foodchoicesexposed.panda.org\/de\/wp-json\/wp\/v2\/users\/2"}],"replies":[{"embeddable":true,"href":"https:\/\/foodchoicesexposed.panda.org\/de\/wp-json\/wp\/v2\/comments?post=168"}],"version-history":[{"count":7,"href":"https:\/\/foodchoicesexposed.panda.org\/de\/wp-json\/wp\/v2\/pages\/168\/revisions"}],"predecessor-version":[{"id":475,"href":"https:\/\/foodchoicesexposed.panda.org\/de\/wp-json\/wp\/v2\/pages\/168\/revisions\/475"}],"wp:attachment":[{"href":"https:\/\/foodchoicesexposed.panda.org\/de\/wp-json\/wp\/v2\/media?parent=168"}],"curies":[{"name":"wp","href":"https:\/\/api.w.org\/{rel}","templated":true}]}}