{"id":409,"date":"2023-04-14T12:11:08","date_gmt":"2023-04-14T15:11:08","guid":{"rendered":"https:\/\/foodchoicesexposed.panda.org\/about-2\/"},"modified":"2023-04-27T01:13:03","modified_gmt":"2023-04-27T04:13:03","slug":"about","status":"publish","type":"page","link":"https:\/\/foodchoicesexposed.panda.org\/de\/about\/","title":{"rendered":"About"},"content":{"rendered":"<p>Warum hast du dir diesen Softdrink im Supermarkt gekauft, obwohl du es eigentlich nicht vorhattest? Hast du dich heute dazu entschlossen, Fleisch zu essen, weil \u201edein K\u00f6rper Eiwei\u00df braucht\u201c? Du bist nicht wirklich hungrig, aber trotzdem bestellst du das zus\u00e4tzliche Gericht mit 30% Rabatt? Warum ist das so?<\/p>\n<p>\u201cFood Choices Exposed\u201d ist ein Online-Tool, das aufzeigen m\u00f6chte, wie wir bei unserer Essenswahl beeinflusst werden. Irref\u00fchrende Marketingtaktiken, hohe Preise und ein kleines Angebot an gesundem und nachhaltigem Essen sind einige der Faktoren, die einen gro\u00dfen Einfluss auf unsere Essenswahl haben, was dann weder f\u00fcr unseren Planeten noch f\u00fcr unsere Gesundheit gut ist. Aber durch bewusste und gut informierte Entscheidungen haben wir es in der Hand, dies zu \u00e4ndern.<\/p>\n<p>Dieses Tool wird dich auf einer Reise durch vier verschiedene Lebensmittelumfelder begleiten, in denen wir jeden Tag Entscheidungen zu unserer Ern\u00e4hrung treffen.<\/p>\n<p>Dieses Tool wurde innerhalb des <a href=\"https:\/\/www.wwf.eu\/what_we_do\/eu_international_partnerships\/wwf_eu_funded_projects\/eat4change\/\" target=\"_blank\" rel=\"noopener\">WWF #Eat4Change Projekts<\/a> entwickelt, welches junge B\u00fcrger*innen an das Thema nachhaltige Ern\u00e4hrung heranf\u00fchren m\u00f6chte, indem dar\u00fcber aufgekl\u00e4rt wird, wie unsere Ern\u00e4hrungsgewohnheiten unser Wohlergehen und das unseres Planeten beeinflussen. Das Projekt wird vom DEAR Programm (Development Education and Awareness Raising) der EU finanziert.<\/p>\n<p>Hast du noch Fragen oder Anmerkungen zu diesem Tool? Dann <a href=\"#form\">kontaktiere uns hier<\/a>.<\/p>\n","protected":false},"excerpt":{"rendered":"<p>Warum hast du dir diesen Softdrink im Supermarkt gekauft, obwohl du es eigentlich nicht vorhattest? Hast du dich heute dazu entschlossen, Fleisch zu essen, weil \u201edein K\u00f6rper Eiwei\u00df braucht\u201c? Du bist nicht wirklich hungrig, aber trotzdem bestellst du das zus\u00e4tzliche Gericht mit 30% Rabatt? Warum ist das so? \u201cFood Choices Exposed\u201d ist ein Online-Tool, das [&hellip;]<\/p>\n","protected":false},"author":3,"featured_media":0,"parent":0,"menu_order":0,"comment_status":"closed","ping_status":"closed","template":"template-about.php","meta":{"footnotes":""},"class_list":["post-409","page","type-page","status-publish","hentry"],"yoast_head":"<!-- This site is optimized with the Yoast SEO plugin v27.5 - https:\/\/yoast.com\/product\/yoast-seo-wordpress\/ -->\n<title>About - WWF<\/title>\n<meta name=\"robots\" content=\"index, follow, max-snippet:-1, max-image-preview:large, max-video-preview:-1\" \/>\n<link rel=\"canonical\" href=\"https:\/\/foodchoicesexposed.panda.org\/de\/about\/\" \/>\n<meta property=\"og:locale\" content=\"de_DE\" \/>\n<meta property=\"og:type\" content=\"article\" \/>\n<meta property=\"og:title\" content=\"About - WWF\" \/>\n<meta property=\"og:description\" content=\"Warum hast du dir diesen Softdrink im Supermarkt gekauft, obwohl du es eigentlich nicht vorhattest? Hast du dich heute dazu entschlossen, Fleisch zu essen, weil \u201edein K\u00f6rper Eiwei\u00df braucht\u201c? Du bist nicht wirklich hungrig, aber trotzdem bestellst du das zus\u00e4tzliche Gericht mit 30% Rabatt? Warum ist das so? \u201cFood Choices Exposed\u201d ist ein Online-Tool, das [&hellip;]\" \/>\n<meta property=\"og:url\" content=\"https:\/\/foodchoicesexposed.panda.org\/de\/about\/\" \/>\n<meta property=\"og:site_name\" content=\"WWF\" \/>\n<meta property=\"article:modified_time\" content=\"2023-04-27T04:13:03+00:00\" \/>\n<meta property=\"og:image\" content=\"https:\/\/foodchoicesexposed.panda.org\/wp-content\/uploads\/2023\/04\/wwf-food-choices-de.png\" \/>\n\t<meta property=\"og:image:width\" content=\"1200\" \/>\n\t<meta property=\"og:image:height\" content=\"675\" \/>\n\t<meta property=\"og:image:type\" content=\"image\/png\" \/>\n<meta name=\"twitter:card\" content=\"summary_large_image\" \/>\n<meta name=\"twitter:image\" content=\"https:\/\/foodchoicesexposed.panda.org\/wp-content\/uploads\/2023\/04\/wwf-food-choices-de.png\" \/>\n<meta name=\"twitter:label1\" content=\"Gesch\u00e4tzte Lesezeit\" \/>\n\t<meta name=\"twitter:data1\" content=\"1\u00a0Minute\" \/>\n<script type=\"application\/ld+json\" class=\"yoast-schema-graph\">{\"@context\":\"https:\\\/\\\/schema.org\",\"@graph\":[{\"@type\":\"WebPage\",\"@id\":\"https:\\\/\\\/foodchoicesexposed.panda.org\\\/de\\\/about\\\/\",\"url\":\"https:\\\/\\\/foodchoicesexposed.panda.org\\\/de\\\/about\\\/\",\"name\":\"About - WWF\",\"isPartOf\":{\"@id\":\"https:\\\/\\\/foodchoicesexposed.panda.org\\\/#website\"},\"datePublished\":\"2023-04-14T15:11:08+00:00\",\"dateModified\":\"2023-04-27T04:13:03+00:00\",\"breadcrumb\":{\"@id\":\"https:\\\/\\\/foodchoicesexposed.panda.org\\\/de\\\/about\\\/#breadcrumb\"},\"inLanguage\":\"de\",\"potentialAction\":[{\"@type\":\"ReadAction\",\"target\":[\"https:\\\/\\\/foodchoicesexposed.panda.org\\\/de\\\/about\\\/\"]}]},{\"@type\":\"BreadcrumbList\",\"@id\":\"https:\\\/\\\/foodchoicesexposed.panda.org\\\/de\\\/about\\\/#breadcrumb\",\"itemListElement\":[{\"@type\":\"ListItem\",\"position\":1,\"name\":\"Home\",\"item\":\"https:\\\/\\\/foodchoicesexposed.panda.org\\\/de\\\/\"},{\"@type\":\"ListItem\",\"position\":2,\"name\":\"About\"}]},{\"@type\":\"WebSite\",\"@id\":\"https:\\\/\\\/foodchoicesexposed.panda.org\\\/#website\",\"url\":\"https:\\\/\\\/foodchoicesexposed.panda.org\\\/\",\"name\":\"What impacts your food choices?\",\"description\":\"\",\"publisher\":{\"@id\":\"https:\\\/\\\/foodchoicesexposed.panda.org\\\/#organization\"},\"potentialAction\":[{\"@type\":\"SearchAction\",\"target\":{\"@type\":\"EntryPoint\",\"urlTemplate\":\"https:\\\/\\\/foodchoicesexposed.panda.org\\\/?s={search_term_string}\"},\"query-input\":{\"@type\":\"PropertyValueSpecification\",\"valueRequired\":true,\"valueName\":\"search_term_string\"}}],\"inLanguage\":\"de\"},{\"@type\":\"Organization\",\"@id\":\"https:\\\/\\\/foodchoicesexposed.panda.org\\\/#organization\",\"name\":\"What impacts your food choices?\",\"url\":\"https:\\\/\\\/foodchoicesexposed.panda.org\\\/\",\"logo\":{\"@type\":\"ImageObject\",\"inLanguage\":\"de\",\"@id\":\"https:\\\/\\\/foodchoicesexposed.panda.org\\\/#\\\/schema\\\/logo\\\/image\\\/\",\"url\":\"https:\\\/\\\/foodchoicesexposed.panda.org\\\/wp-content\\\/uploads\\\/2023\\\/04\\\/Sin-titulo.png\",\"contentUrl\":\"https:\\\/\\\/foodchoicesexposed.panda.org\\\/wp-content\\\/uploads\\\/2023\\\/04\\\/Sin-titulo.png\",\"width\":259,\"height\":194,\"caption\":\"What impacts your food choices?\"},\"image\":{\"@id\":\"https:\\\/\\\/foodchoicesexposed.panda.org\\\/#\\\/schema\\\/logo\\\/image\\\/\"}}]}<\/script>\n<!-- \/ Yoast SEO plugin. -->","yoast_head_json":{"title":"About - WWF","robots":{"index":"index","follow":"follow","max-snippet":"max-snippet:-1","max-image-preview":"max-image-preview:large","max-video-preview":"max-video-preview:-1"},"canonical":"https:\/\/foodchoicesexposed.panda.org\/de\/about\/","og_locale":"de_DE","og_type":"article","og_title":"About - WWF","og_description":"Warum hast du dir diesen Softdrink im Supermarkt gekauft, obwohl du es eigentlich nicht vorhattest? Hast du dich heute dazu entschlossen, Fleisch zu essen, weil \u201edein K\u00f6rper Eiwei\u00df braucht\u201c? Du bist nicht wirklich hungrig, aber trotzdem bestellst du das zus\u00e4tzliche Gericht mit 30% Rabatt? Warum ist das so? \u201cFood Choices Exposed\u201d ist ein Online-Tool, das [&hellip;]","og_url":"https:\/\/foodchoicesexposed.panda.org\/de\/about\/","og_site_name":"WWF","article_modified_time":"2023-04-27T04:13:03+00:00","og_image":[{"width":1200,"height":675,"url":"https:\/\/foodchoicesexposed.panda.org\/wp-content\/uploads\/2023\/04\/wwf-food-choices-de.png","type":"image\/png"}],"twitter_card":"summary_large_image","twitter_image":"https:\/\/foodchoicesexposed.panda.org\/wp-content\/uploads\/2023\/04\/wwf-food-choices-de.png","twitter_misc":{"Gesch\u00e4tzte Lesezeit":"1\u00a0Minute"},"schema":{"@context":"https:\/\/schema.org","@graph":[{"@type":"WebPage","@id":"https:\/\/foodchoicesexposed.panda.org\/de\/about\/","url":"https:\/\/foodchoicesexposed.panda.org\/de\/about\/","name":"About - WWF","isPartOf":{"@id":"https:\/\/foodchoicesexposed.panda.org\/#website"},"datePublished":"2023-04-14T15:11:08+00:00","dateModified":"2023-04-27T04:13:03+00:00","breadcrumb":{"@id":"https:\/\/foodchoicesexposed.panda.org\/de\/about\/#breadcrumb"},"inLanguage":"de","potentialAction":[{"@type":"ReadAction","target":["https:\/\/foodchoicesexposed.panda.org\/de\/about\/"]}]},{"@type":"BreadcrumbList","@id":"https:\/\/foodchoicesexposed.panda.org\/de\/about\/#breadcrumb","itemListElement":[{"@type":"ListItem","position":1,"name":"Home","item":"https:\/\/foodchoicesexposed.panda.org\/de\/"},{"@type":"ListItem","position":2,"name":"About"}]},{"@type":"WebSite","@id":"https:\/\/foodchoicesexposed.panda.org\/#website","url":"https:\/\/foodchoicesexposed.panda.org\/","name":"What impacts your food choices?","description":"","publisher":{"@id":"https:\/\/foodchoicesexposed.panda.org\/#organization"},"potentialAction":[{"@type":"SearchAction","target":{"@type":"EntryPoint","urlTemplate":"https:\/\/foodchoicesexposed.panda.org\/?s={search_term_string}"},"query-input":{"@type":"PropertyValueSpecification","valueRequired":true,"valueName":"search_term_string"}}],"inLanguage":"de"},{"@type":"Organization","@id":"https:\/\/foodchoicesexposed.panda.org\/#organization","name":"What impacts your food choices?","url":"https:\/\/foodchoicesexposed.panda.org\/","logo":{"@type":"ImageObject","inLanguage":"de","@id":"https:\/\/foodchoicesexposed.panda.org\/#\/schema\/logo\/image\/","url":"https:\/\/foodchoicesexposed.panda.org\/wp-content\/uploads\/2023\/04\/Sin-titulo.png","contentUrl":"https:\/\/foodchoicesexposed.panda.org\/wp-content\/uploads\/2023\/04\/Sin-titulo.png","width":259,"height":194,"caption":"What impacts your food choices?"},"image":{"@id":"https:\/\/foodchoicesexposed.panda.org\/#\/schema\/logo\/image\/"}}]}},"_links":{"self":[{"href":"https:\/\/foodchoicesexposed.panda.org\/de\/wp-json\/wp\/v2\/pages\/409","targetHints":{"allow":["GET"]}}],"collection":[{"href":"https:\/\/foodchoicesexposed.panda.org\/de\/wp-json\/wp\/v2\/pages"}],"about":[{"href":"https:\/\/foodchoicesexposed.panda.org\/de\/wp-json\/wp\/v2\/types\/page"}],"author":[{"embeddable":true,"href":"https:\/\/foodchoicesexposed.panda.org\/de\/wp-json\/wp\/v2\/users\/3"}],"replies":[{"embeddable":true,"href":"https:\/\/foodchoicesexposed.panda.org\/de\/wp-json\/wp\/v2\/comments?post=409"}],"version-history":[{"count":5,"href":"https:\/\/foodchoicesexposed.panda.org\/de\/wp-json\/wp\/v2\/pages\/409\/revisions"}],"predecessor-version":[{"id":466,"href":"https:\/\/foodchoicesexposed.panda.org\/de\/wp-json\/wp\/v2\/pages\/409\/revisions\/466"}],"wp:attachment":[{"href":"https:\/\/foodchoicesexposed.panda.org\/de\/wp-json\/wp\/v2\/media?parent=409"}],"curies":[{"name":"wp","href":"https:\/\/api.w.org\/{rel}","templated":true}]}}