{"id":167,"date":"2023-04-10T15:46:33","date_gmt":"2023-04-10T18:46:33","guid":{"rendered":"http:\/\/192.168.101.4\/wwf\/imprint\/"},"modified":"2023-04-27T01:11:34","modified_gmt":"2023-04-27T04:11:34","slug":"privacy-policy","status":"publish","type":"page","link":"https:\/\/foodchoicesexposed.panda.org\/fr\/privacy-policy\/","title":{"rendered":"Politique de confidentialit\u00e9"},"content":{"rendered":"<p>Veuillez lire attentivement cette politique pour comprendre comment nous collectons, utilisons et conservons vos informations personnelles.<\/p>\n<p><b>Informations sur Les choix alimentaires d\u00e9voil\u00e9s<\/b><\/p>\n<p><b>Food Choices Exposed<\/b> a \u00e9t\u00e9 con\u00e7u dans le <a href=\"https:\/\/www.wwf.fr\/Eat4Change\" target=\"_blank\" rel=\"noopener\">cadre du projet #Eat4Change du WWF<\/a>, qui vise \u00e0 engager les jeunes citoyens sur le th\u00e8me de l&rsquo;alimentation durable. Le projet est financ\u00e9 par le programme d&rsquo;\u00e9ducation au d\u00e9veloppement et de sensibilisation (DEAR) de la Commission europ\u00e9enne.<\/p>\n<p>Ce site web a \u00e9t\u00e9 cr\u00e9\u00e9 et est mis \u00e0 jour gr\u00e2ce au soutien financier de l&rsquo;Union europ\u00e9enne. Son contenu rel\u00e8ve de la seule responsabilit\u00e9 du WWF et ne refl\u00e8te pas n\u00e9cessairement les opinions de l&rsquo;Union europ\u00e9enne.<\/p>\n<p><b>Collecte de donn\u00e9es<\/b><\/p>\n<p>Au cours de votre passage sur ce site web, nous vous poserons trois questions :<\/p>\n<ul>\n<li aria-level=\"1\">Quel \u00e2ge avez-vous ?<\/li>\n<li aria-level=\"1\">Avez-vous appris quelque chose sur l\u2019impact de l\u2019alimentation sur l\u2019environnement ?<\/li>\n<li aria-level=\"1\">A quel point \u00eates-vous maintenant susceptible de repenser vos choix alimentaires ?<\/li>\n<\/ul>\n<p>Les r\u00e9ponses \u00e0 ces questions nous permettront de voir si cet outil aide les jeunes \u00e0 modifier leurs choix alimentaires. Ces informations seront partag\u00e9es avec le WWF Finlande, en tant que coordinateur du projet #Eat4Change du WWF. Le WWF Finlande utilisera uniquement vos r\u00e9ponses pour l\u2019\u00e9valuation des r\u00e9sultats du projet.<\/p>\n<p><b>Cookies<\/b><\/p>\n<p>Les cookies sont des petits fichiers texte enregistr\u00e9s sur votre ordinateur ou votre appareil mobile qui vous distinguent des autres utilisateurs d&rsquo;un site web. Comme la plupart des sites web, foodchoicesexposed.panda.org utilise des cookies.<\/p>\n<p>Nous utilisons des cookies pour les raisons suivantes :<\/p>\n<ul>\n<li aria-level=\"1\">Am\u00e9liorer votre exp\u00e9rience sur notre site web &#8211; par exemple, pour que vous ne soyez invit\u00e9 \u00e0 r\u00e9pondre \u00e0 une enqu\u00eate qu&rsquo;une seule fois, ou pour masquer un formulaire si vous l&rsquo;avez d\u00e9j\u00e0 vu.<\/li>\n<li aria-level=\"1\">Collecter des statistiques anonymes &#8211; il est tr\u00e8s utile pour nous de pouvoir voir quelles pages sont les plus populaires et comment les gens les utilisent.<\/li>\n<\/ul>\n<p><b>Acceptation des cookies sur le site web<\/b><\/p>\n<p>En utilisant notre site web, vous acceptez que nous utilisions des cookies et que les cookies que nous utilisons soient stock\u00e9s sur votre appareil (\u00e0 moins qu&rsquo;ils ne soient rejet\u00e9s ou d\u00e9sactiv\u00e9s par votre navigateur).<\/p>\n<p><b>D\u00e9sactiver les cookies<\/b><\/p>\n<p>Les navigateurs Internet acceptent normalement certains cookies par d\u00e9faut. Cependant, tous les navigateurs modernes vous permettent de d\u00e9sactiver soit tous les cookies, soit les cookies de tierces parties.\u00a0 Si vous n&rsquo;acceptez pas notre utilisation des cookies telle qu&rsquo;elle est d\u00e9crite ci-dessus, veuillez configurer votre navigateur de mani\u00e8re \u00e0 ce qu&rsquo;il rejette les cookies. Cela pourrait nuire \u00e0 votre capacit\u00e9 \u00e0 utiliser notre site web. Cette option se trouve g\u00e9n\u00e9ralement dans le menu Options, Param\u00e8tres ou Pr\u00e9f\u00e9rences de votre navigateur, en fonction du navigateur que vous utilisez.<\/p>\n<p>Comment modifier vos param\u00e8tres de cookies dans :<\/p>\n<p><a href=\"https:\/\/support.microsoft.com\/en-gb\/help\/17442\/windows-internet-explorer-delete-manage-cookies\" target=\"_blank\" rel=\"noopener\">Internet Explorer<\/a><\/p>\n<p><a href=\"http:\/\/support.mozilla.com\/en-US\/kb\/Cookies\" target=\"_blank\" rel=\"noopener\">Firefox<\/a><\/p>\n<p><a href=\"http:\/\/google.com\/support\/chrome\/bin\/answer.py?hl=en&amp;answer=95647\" target=\"_blank\" rel=\"noopener\">Chrome<\/a><\/p>\n<p><a href=\"https:\/\/support.apple.com\/kb\/PH21411\" target=\"_blank\" rel=\"noopener\">Safari<\/a><\/p>\n<p><a href=\"http:\/\/support.apple.com\/kb\/HT1677\" target=\"_blank\" rel=\"noopener\">iPhone and iPad<\/a><\/p>\n<p><a href=\"http:\/\/www.opera.com\/browser\/tutorials\/security\/cookies\/\" target=\"_blank\" rel=\"noopener\">Opera<\/a><\/p>\n<p>Pour en savoir plus sur les cookies, consultez le site <a href=\"http:\/\/www.allaboutcookies.org\/\">www.allaboutcookies.org<\/a>.<\/p>\n<p><b>Voici les seuls cookies que nous utilisons :\u00a0<\/b><\/p>\n<p><b>Nom <\/b>: Matomo<\/p>\n<p><b>Propri\u00e9taire <\/b>: Matomo<\/p>\n<p><b>Objet du cookie <\/b>: il s&rsquo;agit d&rsquo;un service d&rsquo;analyse web qui utilise des cookies pour nous montrer comment les visiteurs ont trouv\u00e9 et explor\u00e9 notre site web, et comment nous pouvons am\u00e9liorer leur exp\u00e9rience. Il nous fournit des informations sur le comportement de nos visiteurs (par exemple, combien de temps ils sont rest\u00e9s sur le site) et nous indique \u00e9galement le nombre de visiteurs que nous avons eus. Les utilisateurs de Matomo peuvent utiliser l&rsquo;analyse en toute s\u00e9curit\u00e9 sans se soucier de l&rsquo;utilisation des donn\u00e9es \u00e0 des fins de marketing ou autres.<\/p>\n","protected":false},"excerpt":{"rendered":"<p>Veuillez lire attentivement cette politique pour comprendre comment nous collectons, utilisons et conservons vos informations personnelles. Informations sur Les choix alimentaires d\u00e9voil\u00e9s Food Choices Exposed a \u00e9t\u00e9 con\u00e7u dans le cadre du projet #Eat4Change du WWF, qui vise \u00e0 engager les jeunes citoyens sur le th\u00e8me de l&rsquo;alimentation durable. Le projet est financ\u00e9 par le [&hellip;]<\/p>\n","protected":false},"author":2,"featured_media":0,"parent":0,"menu_order":0,"comment_status":"closed","ping_status":"closed","template":"template-imprint.php","meta":{"footnotes":""},"class_list":["post-167","page","type-page","status-publish","hentry"],"yoast_head":"<!-- This site is optimized with the Yoast SEO plugin v27.5 - https:\/\/yoast.com\/product\/yoast-seo-wordpress\/ -->\n<title>Politique de confidentialit\u00e9 - WWF<\/title>\n<meta name=\"robots\" content=\"index, follow, max-snippet:-1, max-image-preview:large, max-video-preview:-1\" \/>\n<link rel=\"canonical\" href=\"https:\/\/foodchoicesexposed.panda.org\/fr\/privacy-policy\/\" \/>\n<meta property=\"og:locale\" content=\"fr_FR\" \/>\n<meta property=\"og:type\" content=\"article\" \/>\n<meta property=\"og:title\" content=\"Politique de confidentialit\u00e9 - WWF\" \/>\n<meta property=\"og:description\" content=\"Veuillez lire attentivement cette politique pour comprendre comment nous collectons, utilisons et conservons vos informations personnelles. Informations sur Les choix alimentaires d\u00e9voil\u00e9s Food Choices Exposed a \u00e9t\u00e9 con\u00e7u dans le cadre du projet #Eat4Change du WWF, qui vise \u00e0 engager les jeunes citoyens sur le th\u00e8me de l&rsquo;alimentation durable. Le projet est financ\u00e9 par le [&hellip;]\" \/>\n<meta property=\"og:url\" content=\"https:\/\/foodchoicesexposed.panda.org\/fr\/privacy-policy\/\" \/>\n<meta property=\"og:site_name\" content=\"WWF\" \/>\n<meta property=\"article:modified_time\" content=\"2023-04-27T04:11:34+00:00\" \/>\n<meta property=\"og:image\" content=\"https:\/\/foodchoicesexposed.panda.org\/wp-content\/uploads\/2023\/04\/wwf-food-choices-fr.png\" \/>\n\t<meta property=\"og:image:width\" content=\"1200\" \/>\n\t<meta property=\"og:image:height\" content=\"675\" \/>\n\t<meta property=\"og:image:type\" content=\"image\/png\" \/>\n<meta name=\"twitter:card\" content=\"summary_large_image\" \/>\n<meta name=\"twitter:image\" content=\"https:\/\/foodchoicesexposed.panda.org\/wp-content\/uploads\/2023\/04\/wwf-food-choices-fr.png\" \/>\n<meta name=\"twitter:label1\" content=\"Dur\u00e9e de lecture estim\u00e9e\" \/>\n\t<meta name=\"twitter:data1\" content=\"3 minutes\" \/>\n<script type=\"application\/ld+json\" class=\"yoast-schema-graph\">{\"@context\":\"https:\\\/\\\/schema.org\",\"@graph\":[{\"@type\":\"WebPage\",\"@id\":\"https:\\\/\\\/foodchoicesexposed.panda.org\\\/fr\\\/privacy-policy\\\/\",\"url\":\"https:\\\/\\\/foodchoicesexposed.panda.org\\\/fr\\\/privacy-policy\\\/\",\"name\":\"Politique de confidentialit\u00e9 - WWF\",\"isPartOf\":{\"@id\":\"https:\\\/\\\/foodchoicesexposed.panda.org\\\/#website\"},\"datePublished\":\"2023-04-10T18:46:33+00:00\",\"dateModified\":\"2023-04-27T04:11:34+00:00\",\"breadcrumb\":{\"@id\":\"https:\\\/\\\/foodchoicesexposed.panda.org\\\/fr\\\/privacy-policy\\\/#breadcrumb\"},\"inLanguage\":\"fr-FR\",\"potentialAction\":[{\"@type\":\"ReadAction\",\"target\":[\"https:\\\/\\\/foodchoicesexposed.panda.org\\\/fr\\\/privacy-policy\\\/\"]}]},{\"@type\":\"BreadcrumbList\",\"@id\":\"https:\\\/\\\/foodchoicesexposed.panda.org\\\/fr\\\/privacy-policy\\\/#breadcrumb\",\"itemListElement\":[{\"@type\":\"ListItem\",\"position\":1,\"name\":\"Home\",\"item\":\"https:\\\/\\\/foodchoicesexposed.panda.org\\\/fr\\\/\"},{\"@type\":\"ListItem\",\"position\":2,\"name\":\"Politique de confidentialit\u00e9\"}]},{\"@type\":\"WebSite\",\"@id\":\"https:\\\/\\\/foodchoicesexposed.panda.org\\\/#website\",\"url\":\"https:\\\/\\\/foodchoicesexposed.panda.org\\\/\",\"name\":\"What impacts your food choices?\",\"description\":\"Otro sitio realizado con WordPress\",\"publisher\":{\"@id\":\"https:\\\/\\\/foodchoicesexposed.panda.org\\\/#organization\"},\"potentialAction\":[{\"@type\":\"SearchAction\",\"target\":{\"@type\":\"EntryPoint\",\"urlTemplate\":\"https:\\\/\\\/foodchoicesexposed.panda.org\\\/?s={search_term_string}\"},\"query-input\":{\"@type\":\"PropertyValueSpecification\",\"valueRequired\":true,\"valueName\":\"search_term_string\"}}],\"inLanguage\":\"fr-FR\"},{\"@type\":\"Organization\",\"@id\":\"https:\\\/\\\/foodchoicesexposed.panda.org\\\/#organization\",\"name\":\"What impacts your food choices?\",\"url\":\"https:\\\/\\\/foodchoicesexposed.panda.org\\\/\",\"logo\":{\"@type\":\"ImageObject\",\"inLanguage\":\"fr-FR\",\"@id\":\"https:\\\/\\\/foodchoicesexposed.panda.org\\\/#\\\/schema\\\/logo\\\/image\\\/\",\"url\":\"https:\\\/\\\/foodchoicesexposed.panda.org\\\/wp-content\\\/uploads\\\/2023\\\/04\\\/Sin-titulo.png\",\"contentUrl\":\"https:\\\/\\\/foodchoicesexposed.panda.org\\\/wp-content\\\/uploads\\\/2023\\\/04\\\/Sin-titulo.png\",\"width\":259,\"height\":194,\"caption\":\"What impacts your food choices?\"},\"image\":{\"@id\":\"https:\\\/\\\/foodchoicesexposed.panda.org\\\/#\\\/schema\\\/logo\\\/image\\\/\"}}]}<\/script>\n<!-- \/ Yoast SEO plugin. -->","yoast_head_json":{"title":"Politique de confidentialit\u00e9 - WWF","robots":{"index":"index","follow":"follow","max-snippet":"max-snippet:-1","max-image-preview":"max-image-preview:large","max-video-preview":"max-video-preview:-1"},"canonical":"https:\/\/foodchoicesexposed.panda.org\/fr\/privacy-policy\/","og_locale":"fr_FR","og_type":"article","og_title":"Politique de confidentialit\u00e9 - WWF","og_description":"Veuillez lire attentivement cette politique pour comprendre comment nous collectons, utilisons et conservons vos informations personnelles. Informations sur Les choix alimentaires d\u00e9voil\u00e9s Food Choices Exposed a \u00e9t\u00e9 con\u00e7u dans le cadre du projet #Eat4Change du WWF, qui vise \u00e0 engager les jeunes citoyens sur le th\u00e8me de l&rsquo;alimentation durable. Le projet est financ\u00e9 par le [&hellip;]","og_url":"https:\/\/foodchoicesexposed.panda.org\/fr\/privacy-policy\/","og_site_name":"WWF","article_modified_time":"2023-04-27T04:11:34+00:00","og_image":[{"width":1200,"height":675,"url":"https:\/\/foodchoicesexposed.panda.org\/wp-content\/uploads\/2023\/04\/wwf-food-choices-fr.png","type":"image\/png"}],"twitter_card":"summary_large_image","twitter_image":"https:\/\/foodchoicesexposed.panda.org\/wp-content\/uploads\/2023\/04\/wwf-food-choices-fr.png","twitter_misc":{"Dur\u00e9e de lecture estim\u00e9e":"3 minutes"},"schema":{"@context":"https:\/\/schema.org","@graph":[{"@type":"WebPage","@id":"https:\/\/foodchoicesexposed.panda.org\/fr\/privacy-policy\/","url":"https:\/\/foodchoicesexposed.panda.org\/fr\/privacy-policy\/","name":"Politique de confidentialit\u00e9 - WWF","isPartOf":{"@id":"https:\/\/foodchoicesexposed.panda.org\/#website"},"datePublished":"2023-04-10T18:46:33+00:00","dateModified":"2023-04-27T04:11:34+00:00","breadcrumb":{"@id":"https:\/\/foodchoicesexposed.panda.org\/fr\/privacy-policy\/#breadcrumb"},"inLanguage":"fr-FR","potentialAction":[{"@type":"ReadAction","target":["https:\/\/foodchoicesexposed.panda.org\/fr\/privacy-policy\/"]}]},{"@type":"BreadcrumbList","@id":"https:\/\/foodchoicesexposed.panda.org\/fr\/privacy-policy\/#breadcrumb","itemListElement":[{"@type":"ListItem","position":1,"name":"Home","item":"https:\/\/foodchoicesexposed.panda.org\/fr\/"},{"@type":"ListItem","position":2,"name":"Politique de confidentialit\u00e9"}]},{"@type":"WebSite","@id":"https:\/\/foodchoicesexposed.panda.org\/#website","url":"https:\/\/foodchoicesexposed.panda.org\/","name":"What impacts your food choices?","description":"Otro sitio realizado con WordPress","publisher":{"@id":"https:\/\/foodchoicesexposed.panda.org\/#organization"},"potentialAction":[{"@type":"SearchAction","target":{"@type":"EntryPoint","urlTemplate":"https:\/\/foodchoicesexposed.panda.org\/?s={search_term_string}"},"query-input":{"@type":"PropertyValueSpecification","valueRequired":true,"valueName":"search_term_string"}}],"inLanguage":"fr-FR"},{"@type":"Organization","@id":"https:\/\/foodchoicesexposed.panda.org\/#organization","name":"What impacts your food choices?","url":"https:\/\/foodchoicesexposed.panda.org\/","logo":{"@type":"ImageObject","inLanguage":"fr-FR","@id":"https:\/\/foodchoicesexposed.panda.org\/#\/schema\/logo\/image\/","url":"https:\/\/foodchoicesexposed.panda.org\/wp-content\/uploads\/2023\/04\/Sin-titulo.png","contentUrl":"https:\/\/foodchoicesexposed.panda.org\/wp-content\/uploads\/2023\/04\/Sin-titulo.png","width":259,"height":194,"caption":"What impacts your food choices?"},"image":{"@id":"https:\/\/foodchoicesexposed.panda.org\/#\/schema\/logo\/image\/"}}]}},"_links":{"self":[{"href":"https:\/\/foodchoicesexposed.panda.org\/fr\/wp-json\/wp\/v2\/pages\/167","targetHints":{"allow":["GET"]}}],"collection":[{"href":"https:\/\/foodchoicesexposed.panda.org\/fr\/wp-json\/wp\/v2\/pages"}],"about":[{"href":"https:\/\/foodchoicesexposed.panda.org\/fr\/wp-json\/wp\/v2\/types\/page"}],"author":[{"embeddable":true,"href":"https:\/\/foodchoicesexposed.panda.org\/fr\/wp-json\/wp\/v2\/users\/2"}],"replies":[{"embeddable":true,"href":"https:\/\/foodchoicesexposed.panda.org\/fr\/wp-json\/wp\/v2\/comments?post=167"}],"version-history":[{"count":6,"href":"https:\/\/foodchoicesexposed.panda.org\/fr\/wp-json\/wp\/v2\/pages\/167\/revisions"}],"predecessor-version":[{"id":590,"href":"https:\/\/foodchoicesexposed.panda.org\/fr\/wp-json\/wp\/v2\/pages\/167\/revisions\/590"}],"wp:attachment":[{"href":"https:\/\/foodchoicesexposed.panda.org\/fr\/wp-json\/wp\/v2\/media?parent=167"}],"curies":[{"name":"wp","href":"https:\/\/api.w.org\/{rel}","templated":true}]}}