{"id":408,"date":"2023-04-14T12:11:08","date_gmt":"2023-04-14T15:11:08","guid":{"rendered":"https:\/\/foodchoicesexposed.panda.org\/about-2\/"},"modified":"2023-04-27T01:12:04","modified_gmt":"2023-04-27T04:12:04","slug":"about","status":"publish","type":"page","link":"https:\/\/foodchoicesexposed.panda.org\/fr\/about\/","title":{"rendered":"\u00c0 propos"},"content":{"rendered":"<p>Pour quelle raison as-tu achet\u00e9 cette boisson gazeuse au supermarch\u00e9 si tu n&rsquo;en avais pas l&rsquo;intention ? As-tu d\u00e9cid\u00e9 de manger de la viande aujourd&rsquo;hui parce que ton corps a \u00ab besoin de prot\u00e9ines \u00bb ? Tu n\u2019as pas particuli\u00e8rement faim, mais tu te laisses quand m\u00eame convaincre de prendre ce plat suppl\u00e9mentaire b\u00e9n\u00e9ficiant de de 30 % de r\u00e9duction \u2013 pourquoi ?<\/p>\n<p><b><i>Food Choices Exposed<\/i><\/b> est un outil en ligne qui vise \u00e0 mettre en lumi\u00e8re ce qui affecte nos d\u00e9cisions quand il s\u2019agit de ce que nous mangeons. Les pratiques commerciales trompeuses, les prix \u00e9lev\u00e9s, la disponibilit\u00e9 limit\u00e9e d&rsquo;aliments sains et durables, entre autres, sont des facteurs qui influencent consid\u00e9rablement nos choix, nous amenant souvent \u00e0 opter pour des aliments qui ne sont bons ni pour la plan\u00e8te ni pour notre sant\u00e9. Mais gr\u00e2ce \u00e0 des choix plus conscients et inform\u00e9s et aux actions militantes, nous avons le pouvoir de changer la donne.<\/p>\n<p>Cet outil t\u2019emm\u00e8nera en voyage au travers de quatre environnements alimentaires au sein desquels nous faisons des choix chaque jour. Commence d\u00e8s maintenant !<\/p>\n<p>Cet outil, con\u00e7u dans le cadre du <a href=\"https:\/\/www.wwf.eu\/what_we_do\/eu_international_partnerships\/wwf_eu_funded_projects\/eat4change\/\" target=\"_blank\" rel=\"noopener\">projet #Eat4Change du WWF<\/a>, s&rsquo;efforce d&rsquo;engager les jeunes citoyens sur le th\u00e8me de l&rsquo;alimentation durable, en d\u00e9montrant comment les r\u00e9gimes alimentaires individuels peuvent avoir un impact sur le bien-\u00eatre des individus et de la plan\u00e8te. Le projet est financ\u00e9 par le programme d&rsquo;Education et de Sensibilisation au D\u00e9veloppement (<a href=\"https:\/\/dearprogramme.eu\/\" target=\"_blank\" rel=\"noopener\">DEAR<\/a>) de la Commission europ\u00e9enne.<\/p>\n<p>Tu as des questions ou des remarques sur cet outil ? Tu peux nous contacter en <a href=\"#form\">cliquant ici<\/a>.<\/p>\n","protected":false},"excerpt":{"rendered":"<p>Pour quelle raison as-tu achet\u00e9 cette boisson gazeuse au supermarch\u00e9 si tu n&rsquo;en avais pas l&rsquo;intention ? As-tu d\u00e9cid\u00e9 de manger de la viande aujourd&rsquo;hui parce que ton corps a \u00ab besoin de prot\u00e9ines \u00bb ? Tu n\u2019as pas particuli\u00e8rement faim, mais tu te laisses quand m\u00eame convaincre de prendre ce plat suppl\u00e9mentaire b\u00e9n\u00e9ficiant de [&hellip;]<\/p>\n","protected":false},"author":3,"featured_media":0,"parent":0,"menu_order":0,"comment_status":"closed","ping_status":"closed","template":"template-about.php","meta":{"footnotes":""},"class_list":["post-408","page","type-page","status-publish","hentry"],"yoast_head":"<!-- This site is optimized with the Yoast SEO plugin v27.5 - https:\/\/yoast.com\/product\/yoast-seo-wordpress\/ -->\n<title>\u00c0 propos - WWF<\/title>\n<meta name=\"robots\" content=\"index, follow, max-snippet:-1, max-image-preview:large, max-video-preview:-1\" \/>\n<link rel=\"canonical\" href=\"https:\/\/foodchoicesexposed.panda.org\/fr\/about\/\" \/>\n<meta property=\"og:locale\" content=\"fr_FR\" \/>\n<meta property=\"og:type\" content=\"article\" \/>\n<meta property=\"og:title\" content=\"\u00c0 propos - WWF\" \/>\n<meta property=\"og:description\" content=\"Pour quelle raison as-tu achet\u00e9 cette boisson gazeuse au supermarch\u00e9 si tu n&rsquo;en avais pas l&rsquo;intention ? As-tu d\u00e9cid\u00e9 de manger de la viande aujourd&rsquo;hui parce que ton corps a \u00ab besoin de prot\u00e9ines \u00bb ? Tu n\u2019as pas particuli\u00e8rement faim, mais tu te laisses quand m\u00eame convaincre de prendre ce plat suppl\u00e9mentaire b\u00e9n\u00e9ficiant de [&hellip;]\" \/>\n<meta property=\"og:url\" content=\"https:\/\/foodchoicesexposed.panda.org\/fr\/about\/\" \/>\n<meta property=\"og:site_name\" content=\"WWF\" \/>\n<meta property=\"article:modified_time\" content=\"2023-04-27T04:12:04+00:00\" \/>\n<meta property=\"og:image\" content=\"https:\/\/foodchoicesexposed.panda.org\/wp-content\/uploads\/2023\/04\/wwf-food-choices-fr.png\" \/>\n\t<meta property=\"og:image:width\" content=\"1200\" \/>\n\t<meta property=\"og:image:height\" content=\"675\" \/>\n\t<meta property=\"og:image:type\" content=\"image\/png\" \/>\n<meta name=\"twitter:card\" content=\"summary_large_image\" \/>\n<meta name=\"twitter:image\" content=\"https:\/\/foodchoicesexposed.panda.org\/wp-content\/uploads\/2023\/04\/wwf-food-choices-fr.png\" \/>\n<meta name=\"twitter:label1\" content=\"Dur\u00e9e de lecture estim\u00e9e\" \/>\n\t<meta name=\"twitter:data1\" content=\"2 minutes\" \/>\n<script type=\"application\/ld+json\" class=\"yoast-schema-graph\">{\"@context\":\"https:\\\/\\\/schema.org\",\"@graph\":[{\"@type\":\"WebPage\",\"@id\":\"https:\\\/\\\/foodchoicesexposed.panda.org\\\/fr\\\/about\\\/\",\"url\":\"https:\\\/\\\/foodchoicesexposed.panda.org\\\/fr\\\/about\\\/\",\"name\":\"\u00c0 propos - WWF\",\"isPartOf\":{\"@id\":\"https:\\\/\\\/foodchoicesexposed.panda.org\\\/#website\"},\"datePublished\":\"2023-04-14T15:11:08+00:00\",\"dateModified\":\"2023-04-27T04:12:04+00:00\",\"breadcrumb\":{\"@id\":\"https:\\\/\\\/foodchoicesexposed.panda.org\\\/fr\\\/about\\\/#breadcrumb\"},\"inLanguage\":\"fr-FR\",\"potentialAction\":[{\"@type\":\"ReadAction\",\"target\":[\"https:\\\/\\\/foodchoicesexposed.panda.org\\\/fr\\\/about\\\/\"]}]},{\"@type\":\"BreadcrumbList\",\"@id\":\"https:\\\/\\\/foodchoicesexposed.panda.org\\\/fr\\\/about\\\/#breadcrumb\",\"itemListElement\":[{\"@type\":\"ListItem\",\"position\":1,\"name\":\"Home\",\"item\":\"https:\\\/\\\/foodchoicesexposed.panda.org\\\/fr\\\/\"},{\"@type\":\"ListItem\",\"position\":2,\"name\":\"\u00c0 propos\"}]},{\"@type\":\"WebSite\",\"@id\":\"https:\\\/\\\/foodchoicesexposed.panda.org\\\/#website\",\"url\":\"https:\\\/\\\/foodchoicesexposed.panda.org\\\/\",\"name\":\"What impacts your food choices?\",\"description\":\"Otro sitio realizado con WordPress\",\"publisher\":{\"@id\":\"https:\\\/\\\/foodchoicesexposed.panda.org\\\/#organization\"},\"potentialAction\":[{\"@type\":\"SearchAction\",\"target\":{\"@type\":\"EntryPoint\",\"urlTemplate\":\"https:\\\/\\\/foodchoicesexposed.panda.org\\\/?s={search_term_string}\"},\"query-input\":{\"@type\":\"PropertyValueSpecification\",\"valueRequired\":true,\"valueName\":\"search_term_string\"}}],\"inLanguage\":\"fr-FR\"},{\"@type\":\"Organization\",\"@id\":\"https:\\\/\\\/foodchoicesexposed.panda.org\\\/#organization\",\"name\":\"What impacts your food choices?\",\"url\":\"https:\\\/\\\/foodchoicesexposed.panda.org\\\/\",\"logo\":{\"@type\":\"ImageObject\",\"inLanguage\":\"fr-FR\",\"@id\":\"https:\\\/\\\/foodchoicesexposed.panda.org\\\/#\\\/schema\\\/logo\\\/image\\\/\",\"url\":\"https:\\\/\\\/foodchoicesexposed.panda.org\\\/wp-content\\\/uploads\\\/2023\\\/04\\\/Sin-titulo.png\",\"contentUrl\":\"https:\\\/\\\/foodchoicesexposed.panda.org\\\/wp-content\\\/uploads\\\/2023\\\/04\\\/Sin-titulo.png\",\"width\":259,\"height\":194,\"caption\":\"What impacts your food choices?\"},\"image\":{\"@id\":\"https:\\\/\\\/foodchoicesexposed.panda.org\\\/#\\\/schema\\\/logo\\\/image\\\/\"}}]}<\/script>\n<!-- \/ Yoast SEO plugin. -->","yoast_head_json":{"title":"\u00c0 propos - WWF","robots":{"index":"index","follow":"follow","max-snippet":"max-snippet:-1","max-image-preview":"max-image-preview:large","max-video-preview":"max-video-preview:-1"},"canonical":"https:\/\/foodchoicesexposed.panda.org\/fr\/about\/","og_locale":"fr_FR","og_type":"article","og_title":"\u00c0 propos - WWF","og_description":"Pour quelle raison as-tu achet\u00e9 cette boisson gazeuse au supermarch\u00e9 si tu n&rsquo;en avais pas l&rsquo;intention ? As-tu d\u00e9cid\u00e9 de manger de la viande aujourd&rsquo;hui parce que ton corps a \u00ab besoin de prot\u00e9ines \u00bb ? Tu n\u2019as pas particuli\u00e8rement faim, mais tu te laisses quand m\u00eame convaincre de prendre ce plat suppl\u00e9mentaire b\u00e9n\u00e9ficiant de [&hellip;]","og_url":"https:\/\/foodchoicesexposed.panda.org\/fr\/about\/","og_site_name":"WWF","article_modified_time":"2023-04-27T04:12:04+00:00","og_image":[{"width":1200,"height":675,"url":"https:\/\/foodchoicesexposed.panda.org\/wp-content\/uploads\/2023\/04\/wwf-food-choices-fr.png","type":"image\/png"}],"twitter_card":"summary_large_image","twitter_image":"https:\/\/foodchoicesexposed.panda.org\/wp-content\/uploads\/2023\/04\/wwf-food-choices-fr.png","twitter_misc":{"Dur\u00e9e de lecture estim\u00e9e":"2 minutes"},"schema":{"@context":"https:\/\/schema.org","@graph":[{"@type":"WebPage","@id":"https:\/\/foodchoicesexposed.panda.org\/fr\/about\/","url":"https:\/\/foodchoicesexposed.panda.org\/fr\/about\/","name":"\u00c0 propos - WWF","isPartOf":{"@id":"https:\/\/foodchoicesexposed.panda.org\/#website"},"datePublished":"2023-04-14T15:11:08+00:00","dateModified":"2023-04-27T04:12:04+00:00","breadcrumb":{"@id":"https:\/\/foodchoicesexposed.panda.org\/fr\/about\/#breadcrumb"},"inLanguage":"fr-FR","potentialAction":[{"@type":"ReadAction","target":["https:\/\/foodchoicesexposed.panda.org\/fr\/about\/"]}]},{"@type":"BreadcrumbList","@id":"https:\/\/foodchoicesexposed.panda.org\/fr\/about\/#breadcrumb","itemListElement":[{"@type":"ListItem","position":1,"name":"Home","item":"https:\/\/foodchoicesexposed.panda.org\/fr\/"},{"@type":"ListItem","position":2,"name":"\u00c0 propos"}]},{"@type":"WebSite","@id":"https:\/\/foodchoicesexposed.panda.org\/#website","url":"https:\/\/foodchoicesexposed.panda.org\/","name":"What impacts your food choices?","description":"Otro sitio realizado con WordPress","publisher":{"@id":"https:\/\/foodchoicesexposed.panda.org\/#organization"},"potentialAction":[{"@type":"SearchAction","target":{"@type":"EntryPoint","urlTemplate":"https:\/\/foodchoicesexposed.panda.org\/?s={search_term_string}"},"query-input":{"@type":"PropertyValueSpecification","valueRequired":true,"valueName":"search_term_string"}}],"inLanguage":"fr-FR"},{"@type":"Organization","@id":"https:\/\/foodchoicesexposed.panda.org\/#organization","name":"What impacts your food choices?","url":"https:\/\/foodchoicesexposed.panda.org\/","logo":{"@type":"ImageObject","inLanguage":"fr-FR","@id":"https:\/\/foodchoicesexposed.panda.org\/#\/schema\/logo\/image\/","url":"https:\/\/foodchoicesexposed.panda.org\/wp-content\/uploads\/2023\/04\/Sin-titulo.png","contentUrl":"https:\/\/foodchoicesexposed.panda.org\/wp-content\/uploads\/2023\/04\/Sin-titulo.png","width":259,"height":194,"caption":"What impacts your food choices?"},"image":{"@id":"https:\/\/foodchoicesexposed.panda.org\/#\/schema\/logo\/image\/"}}]}},"_links":{"self":[{"href":"https:\/\/foodchoicesexposed.panda.org\/fr\/wp-json\/wp\/v2\/pages\/408","targetHints":{"allow":["GET"]}}],"collection":[{"href":"https:\/\/foodchoicesexposed.panda.org\/fr\/wp-json\/wp\/v2\/pages"}],"about":[{"href":"https:\/\/foodchoicesexposed.panda.org\/fr\/wp-json\/wp\/v2\/types\/page"}],"author":[{"embeddable":true,"href":"https:\/\/foodchoicesexposed.panda.org\/fr\/wp-json\/wp\/v2\/users\/3"}],"replies":[{"embeddable":true,"href":"https:\/\/foodchoicesexposed.panda.org\/fr\/wp-json\/wp\/v2\/comments?post=408"}],"version-history":[{"count":2,"href":"https:\/\/foodchoicesexposed.panda.org\/fr\/wp-json\/wp\/v2\/pages\/408\/revisions"}],"predecessor-version":[{"id":519,"href":"https:\/\/foodchoicesexposed.panda.org\/fr\/wp-json\/wp\/v2\/pages\/408\/revisions\/519"}],"wp:attachment":[{"href":"https:\/\/foodchoicesexposed.panda.org\/fr\/wp-json\/wp\/v2\/media?parent=408"}],"curies":[{"name":"wp","href":"https:\/\/api.w.org\/{rel}","templated":true}]}}