{"id":170,"date":"2023-04-10T15:46:33","date_gmt":"2023-04-10T18:46:33","guid":{"rendered":"http:\/\/192.168.101.4\/wwf\/imprint\/"},"modified":"2023-04-27T01:14:57","modified_gmt":"2023-04-27T04:14:57","slug":"privacy-policy","status":"publish","type":"page","link":"https:\/\/foodchoicesexposed.panda.org\/pt-pt\/privacy-policy\/","title":{"rendered":"Pol\u00edtica de privacidade"},"content":{"rendered":"<p><b>L\u00ea atentamente esta pol\u00edtica de privacidade para compreenderes como recolhemos, utilizamos e armazenamos as tuas informa\u00e7\u00f5es pessoais.<\/b><\/p>\n<p><b>Informa\u00e7\u00e3o sobre Food Choices Exposed\u00a0<\/b><\/p>\n<p>Food Choices Exposed foi concebido no \u00e2mbito do projeto <a href=\"https:\/\/www.eat4change.pt\/\">#Eat4Change<\/a> da ANPlWWF, que trabalha para envolver os jovens cidad\u00e3os no tema da alimenta\u00e7\u00e3o sustent\u00e1vel. Este projeto \u00e9 financiado pelo Programa de Educa\u00e7\u00e3o e Sensibiliza\u00e7\u00e3o para o Desenvolvimento (DEAR) da Comiss\u00e3o Europeia.<\/p>\n<p>Este website foi criado e \u00e9 mantido com o apoio financeiro da Uni\u00e3o Europeia. O seu conte\u00fado \u00e9 da exclusiva responsabilidade da WWF e n\u00e3o reflete necessariamente os pontos de vista da Uni\u00e3o Europeia.<\/p>\n<p><b>Recolha de dados<\/b><\/p>\n<p>Durante a tua viagem neste website, iremos fazer-te tr\u00eas perguntas:<\/p>\n<ol>\n<li>Qual \u00e9 a tua idade?<\/li>\n<li>Aprendeste alguma coisa sobre o impacto dos alimentos no ambiente?<\/li>\n<li>Qual a probabilidade de repensares as tuas escolhas alimentares?<\/li>\n<\/ol>\n<p>As respostas a estas perguntas permitir-nos-\u00e3o verificar se este instrumento est\u00e1 a ajudar os jovens a mudar as suas escolhas alimentares. Esta informa\u00e7\u00e3o ser\u00e1 partilhada com a WWF Finl\u00e2ndia, como coordenador do projeto #Eat4Change.<\/p>\n<p>A WWF Finl\u00e2ndia utilizar\u00e1 apenas as tuas respostas para efeitos de relat\u00f3rio do projeto.<\/p>\n<p><b>Cookies<\/b><\/p>\n<p>Web cookies s\u00e3o pequenos trechos de texto guardados no teu computador ou dispositivo m\u00f3vel que te distinguem dos outros utilizadores de um website. Como a maioria dos websites, foodchoicesexpose.panda.org utiliza cookies.<\/p>\n<p>Utilizamos cookies para os seguintes fins:<\/p>\n<ul>\n<li aria-level=\"1\">Para melhorar a tua experi\u00eancia no nosso site &#8211; por exemplo, s\u00f3 te \u00e9 pedido para fazer um inqu\u00e9rito uma vez, ou para esconder um formul\u00e1rio se j\u00e1 o tiveres visto.<\/li>\n<li aria-level=\"1\">Recolher estat\u00edsticas an\u00f3nimas &#8211; \u00e9 realmente \u00fatil para podermos ver que p\u00e1ginas s\u00e3o as mais populares e como as pessoas as utilizam.<\/li>\n<\/ul>\n<p><b>Aceita\u00e7\u00e3o de cookies\u00a0<\/b><\/p>\n<p>Ao utilizares o nosso website, consentes a utiliza\u00e7\u00e3o de cookies e os cookies que utilizamos ser\u00e3o armazenados no teu dispositivo (a menos que sejam rejeitados ou desativados pelo teu browser).<\/p>\n<p><b>Desligar os cookies<\/b><\/p>\n<p>Os browsers de Internet normalmente aceitam alguns cookies por defeito. No entanto, todos os browsers modernos permitem-te desligar todos os cookies ou cookies de terceiros.\u00a0 Se n\u00e3o aceitares a nossa utiliza\u00e7\u00e3o de cookies, tal como acima indicado, define o teu navegador para rejeitar cookies. Isto pode prejudicar a tua capacidade de utilizar o nosso website. A op\u00e7\u00e3o para o fazer encontra-se normalmente no menu Op\u00e7\u00f5es, Defini\u00e7\u00f5es, ou Prefer\u00eancias do seu browser, dependendo do browser que estiveres a utilizar.<\/p>\n<p>Como alterar as tuas defini\u00e7\u00f5es de cookies em:<\/p>\n<p><a href=\"https:\/\/support.microsoft.com\/en-gb\/help\/17442\/windows-internet-explorer-delete-manage-cookies\">Internet Explorer<\/a><\/p>\n<p><a href=\"http:\/\/support.mozilla.com\/en-US\/kb\/Cookies\">Firefox<\/a><\/p>\n<p><a href=\"http:\/\/google.com\/support\/chrome\/bin\/answer.py?hl=en&amp;answer=95647\">Chrome<\/a><\/p>\n<p><a href=\"https:\/\/support.apple.com\/kb\/PH21411\">Safari<\/a><\/p>\n<p><a href=\"http:\/\/support.apple.com\/kb\/HT1677\">iPhone and iPad<\/a><\/p>\n<p><a href=\"http:\/\/www.opera.com\/browser\/tutorials\/security\/cookies\/\">Opera<\/a><\/p>\n<p>Podes saber mais sobre cookies em <a href=\"http:\/\/www.allaboutcookies.org\/\">www.allaboutcookies.org<\/a>.<\/p>\n<p><b>Estes s\u00e3o os \u00fanicos cookies que utilizamos:<\/b><b>\u00a0<\/b><\/p>\n<p><b>Nome: Matomo<\/b><\/p>\n<p><b>Propriet\u00e1rio: Matomo\u00a0<\/b><\/p>\n<p><b>Objetivo do cookie: <\/b>este \u00e9 um servi\u00e7o de an\u00e1lise da web que utiliza cookies para nos mostrar como os visitantes encontraram e exploraram o nosso website, e como podemos melhorar a sua experi\u00eancia. Fornece-nos informa\u00e7\u00f5es sobre o comportamento dos nossos visitantes (por exemplo, quanto tempo permaneceram no s\u00edtio) e tamb\u00e9m nos diz quantos visitantes tivemos. Os utilizadores da Matomo podem utilizar a an\u00e1lise em seguran\u00e7a sem se preocuparem com a utiliza\u00e7\u00e3o de dados para fins de marketing ou quaisquer outros.<\/p>\n<p>&nbsp;<\/p>\n","protected":false},"excerpt":{"rendered":"<p>L\u00ea atentamente esta pol\u00edtica de privacidade para compreenderes como recolhemos, utilizamos e armazenamos as tuas informa\u00e7\u00f5es pessoais. Informa\u00e7\u00e3o sobre Food Choices Exposed\u00a0 Food Choices Exposed foi concebido no \u00e2mbito do projeto #Eat4Change da ANPlWWF, que trabalha para envolver os jovens cidad\u00e3os no tema da alimenta\u00e7\u00e3o sustent\u00e1vel. Este projeto \u00e9 financiado pelo Programa de Educa\u00e7\u00e3o e [&hellip;]<\/p>\n","protected":false},"author":2,"featured_media":0,"parent":0,"menu_order":0,"comment_status":"closed","ping_status":"closed","template":"template-imprint.php","meta":{"footnotes":""},"class_list":["post-170","page","type-page","status-publish","hentry"],"yoast_head":"<!-- This site is optimized with the Yoast SEO plugin v27.5 - https:\/\/yoast.com\/product\/yoast-seo-wordpress\/ -->\n<title>Pol\u00edtica de privacidade - WWF<\/title>\n<meta name=\"robots\" content=\"index, follow, max-snippet:-1, max-image-preview:large, max-video-preview:-1\" \/>\n<link rel=\"canonical\" href=\"https:\/\/foodchoicesexposed.panda.org\/pt-pt\/privacy-policy\/\" \/>\n<meta property=\"og:locale\" content=\"pt_PT\" \/>\n<meta property=\"og:type\" content=\"article\" \/>\n<meta property=\"og:title\" content=\"Pol\u00edtica de privacidade - WWF\" \/>\n<meta property=\"og:description\" content=\"L\u00ea atentamente esta pol\u00edtica de privacidade para compreenderes como recolhemos, utilizamos e armazenamos as tuas informa\u00e7\u00f5es pessoais. Informa\u00e7\u00e3o sobre Food Choices Exposed\u00a0 Food Choices Exposed foi concebido no \u00e2mbito do projeto #Eat4Change da ANPlWWF, que trabalha para envolver os jovens cidad\u00e3os no tema da alimenta\u00e7\u00e3o sustent\u00e1vel. Este projeto \u00e9 financiado pelo Programa de Educa\u00e7\u00e3o e [&hellip;]\" \/>\n<meta property=\"og:url\" content=\"https:\/\/foodchoicesexposed.panda.org\/pt-pt\/privacy-policy\/\" \/>\n<meta property=\"og:site_name\" content=\"WWF\" \/>\n<meta property=\"article:modified_time\" content=\"2023-04-27T04:14:57+00:00\" \/>\n<meta property=\"og:image\" content=\"https:\/\/foodchoicesexposed.panda.org\/wp-content\/uploads\/2023\/04\/wwf-food-choices-pt.png\" \/>\n\t<meta property=\"og:image:width\" content=\"1200\" \/>\n\t<meta property=\"og:image:height\" content=\"675\" \/>\n\t<meta property=\"og:image:type\" content=\"image\/png\" \/>\n<meta name=\"twitter:card\" content=\"summary_large_image\" \/>\n<meta name=\"twitter:image\" content=\"https:\/\/foodchoicesexposed.panda.org\/wp-content\/uploads\/2023\/04\/wwf-food-choices-pt.png\" \/>\n<meta name=\"twitter:label1\" content=\"Tempo estimado de leitura\" \/>\n\t<meta name=\"twitter:data1\" content=\"3 minutos\" \/>\n<script type=\"application\/ld+json\" class=\"yoast-schema-graph\">{\"@context\":\"https:\\\/\\\/schema.org\",\"@graph\":[{\"@type\":\"WebPage\",\"@id\":\"https:\\\/\\\/foodchoicesexposed.panda.org\\\/pt-pt\\\/privacy-policy\\\/\",\"url\":\"https:\\\/\\\/foodchoicesexposed.panda.org\\\/pt-pt\\\/privacy-policy\\\/\",\"name\":\"Pol\u00edtica de privacidade - WWF\",\"isPartOf\":{\"@id\":\"https:\\\/\\\/foodchoicesexposed.panda.org\\\/#website\"},\"datePublished\":\"2023-04-10T18:46:33+00:00\",\"dateModified\":\"2023-04-27T04:14:57+00:00\",\"breadcrumb\":{\"@id\":\"https:\\\/\\\/foodchoicesexposed.panda.org\\\/pt-pt\\\/privacy-policy\\\/#breadcrumb\"},\"inLanguage\":\"pt-PT\",\"potentialAction\":[{\"@type\":\"ReadAction\",\"target\":[\"https:\\\/\\\/foodchoicesexposed.panda.org\\\/pt-pt\\\/privacy-policy\\\/\"]}]},{\"@type\":\"BreadcrumbList\",\"@id\":\"https:\\\/\\\/foodchoicesexposed.panda.org\\\/pt-pt\\\/privacy-policy\\\/#breadcrumb\",\"itemListElement\":[{\"@type\":\"ListItem\",\"position\":1,\"name\":\"Home\",\"item\":\"https:\\\/\\\/foodchoicesexposed.panda.org\\\/pt-pt\\\/\"},{\"@type\":\"ListItem\",\"position\":2,\"name\":\"Pol\u00edtica de privacidade\"}]},{\"@type\":\"WebSite\",\"@id\":\"https:\\\/\\\/foodchoicesexposed.panda.org\\\/#website\",\"url\":\"https:\\\/\\\/foodchoicesexposed.panda.org\\\/\",\"name\":\"What impacts your food choices?\",\"description\":\"\",\"publisher\":{\"@id\":\"https:\\\/\\\/foodchoicesexposed.panda.org\\\/#organization\"},\"potentialAction\":[{\"@type\":\"SearchAction\",\"target\":{\"@type\":\"EntryPoint\",\"urlTemplate\":\"https:\\\/\\\/foodchoicesexposed.panda.org\\\/?s={search_term_string}\"},\"query-input\":{\"@type\":\"PropertyValueSpecification\",\"valueRequired\":true,\"valueName\":\"search_term_string\"}}],\"inLanguage\":\"pt-PT\"},{\"@type\":\"Organization\",\"@id\":\"https:\\\/\\\/foodchoicesexposed.panda.org\\\/#organization\",\"name\":\"What impacts your food choices?\",\"url\":\"https:\\\/\\\/foodchoicesexposed.panda.org\\\/\",\"logo\":{\"@type\":\"ImageObject\",\"inLanguage\":\"pt-PT\",\"@id\":\"https:\\\/\\\/foodchoicesexposed.panda.org\\\/#\\\/schema\\\/logo\\\/image\\\/\",\"url\":\"https:\\\/\\\/foodchoicesexposed.panda.org\\\/wp-content\\\/uploads\\\/2023\\\/04\\\/Sin-titulo.png\",\"contentUrl\":\"https:\\\/\\\/foodchoicesexposed.panda.org\\\/wp-content\\\/uploads\\\/2023\\\/04\\\/Sin-titulo.png\",\"width\":259,\"height\":194,\"caption\":\"What impacts your food choices?\"},\"image\":{\"@id\":\"https:\\\/\\\/foodchoicesexposed.panda.org\\\/#\\\/schema\\\/logo\\\/image\\\/\"}}]}<\/script>\n<!-- \/ Yoast SEO plugin. -->","yoast_head_json":{"title":"Pol\u00edtica de privacidade - WWF","robots":{"index":"index","follow":"follow","max-snippet":"max-snippet:-1","max-image-preview":"max-image-preview:large","max-video-preview":"max-video-preview:-1"},"canonical":"https:\/\/foodchoicesexposed.panda.org\/pt-pt\/privacy-policy\/","og_locale":"pt_PT","og_type":"article","og_title":"Pol\u00edtica de privacidade - WWF","og_description":"L\u00ea atentamente esta pol\u00edtica de privacidade para compreenderes como recolhemos, utilizamos e armazenamos as tuas informa\u00e7\u00f5es pessoais. Informa\u00e7\u00e3o sobre Food Choices Exposed\u00a0 Food Choices Exposed foi concebido no \u00e2mbito do projeto #Eat4Change da ANPlWWF, que trabalha para envolver os jovens cidad\u00e3os no tema da alimenta\u00e7\u00e3o sustent\u00e1vel. Este projeto \u00e9 financiado pelo Programa de Educa\u00e7\u00e3o e [&hellip;]","og_url":"https:\/\/foodchoicesexposed.panda.org\/pt-pt\/privacy-policy\/","og_site_name":"WWF","article_modified_time":"2023-04-27T04:14:57+00:00","og_image":[{"width":1200,"height":675,"url":"https:\/\/foodchoicesexposed.panda.org\/wp-content\/uploads\/2023\/04\/wwf-food-choices-pt.png","type":"image\/png"}],"twitter_card":"summary_large_image","twitter_image":"https:\/\/foodchoicesexposed.panda.org\/wp-content\/uploads\/2023\/04\/wwf-food-choices-pt.png","twitter_misc":{"Tempo estimado de leitura":"3 minutos"},"schema":{"@context":"https:\/\/schema.org","@graph":[{"@type":"WebPage","@id":"https:\/\/foodchoicesexposed.panda.org\/pt-pt\/privacy-policy\/","url":"https:\/\/foodchoicesexposed.panda.org\/pt-pt\/privacy-policy\/","name":"Pol\u00edtica de privacidade - WWF","isPartOf":{"@id":"https:\/\/foodchoicesexposed.panda.org\/#website"},"datePublished":"2023-04-10T18:46:33+00:00","dateModified":"2023-04-27T04:14:57+00:00","breadcrumb":{"@id":"https:\/\/foodchoicesexposed.panda.org\/pt-pt\/privacy-policy\/#breadcrumb"},"inLanguage":"pt-PT","potentialAction":[{"@type":"ReadAction","target":["https:\/\/foodchoicesexposed.panda.org\/pt-pt\/privacy-policy\/"]}]},{"@type":"BreadcrumbList","@id":"https:\/\/foodchoicesexposed.panda.org\/pt-pt\/privacy-policy\/#breadcrumb","itemListElement":[{"@type":"ListItem","position":1,"name":"Home","item":"https:\/\/foodchoicesexposed.panda.org\/pt-pt\/"},{"@type":"ListItem","position":2,"name":"Pol\u00edtica de privacidade"}]},{"@type":"WebSite","@id":"https:\/\/foodchoicesexposed.panda.org\/#website","url":"https:\/\/foodchoicesexposed.panda.org\/","name":"What impacts your food choices?","description":"","publisher":{"@id":"https:\/\/foodchoicesexposed.panda.org\/#organization"},"potentialAction":[{"@type":"SearchAction","target":{"@type":"EntryPoint","urlTemplate":"https:\/\/foodchoicesexposed.panda.org\/?s={search_term_string}"},"query-input":{"@type":"PropertyValueSpecification","valueRequired":true,"valueName":"search_term_string"}}],"inLanguage":"pt-PT"},{"@type":"Organization","@id":"https:\/\/foodchoicesexposed.panda.org\/#organization","name":"What impacts your food choices?","url":"https:\/\/foodchoicesexposed.panda.org\/","logo":{"@type":"ImageObject","inLanguage":"pt-PT","@id":"https:\/\/foodchoicesexposed.panda.org\/#\/schema\/logo\/image\/","url":"https:\/\/foodchoicesexposed.panda.org\/wp-content\/uploads\/2023\/04\/Sin-titulo.png","contentUrl":"https:\/\/foodchoicesexposed.panda.org\/wp-content\/uploads\/2023\/04\/Sin-titulo.png","width":259,"height":194,"caption":"What impacts your food choices?"},"image":{"@id":"https:\/\/foodchoicesexposed.panda.org\/#\/schema\/logo\/image\/"}}]}},"_links":{"self":[{"href":"https:\/\/foodchoicesexposed.panda.org\/pt-pt\/wp-json\/wp\/v2\/pages\/170","targetHints":{"allow":["GET"]}}],"collection":[{"href":"https:\/\/foodchoicesexposed.panda.org\/pt-pt\/wp-json\/wp\/v2\/pages"}],"about":[{"href":"https:\/\/foodchoicesexposed.panda.org\/pt-pt\/wp-json\/wp\/v2\/types\/page"}],"author":[{"embeddable":true,"href":"https:\/\/foodchoicesexposed.panda.org\/pt-pt\/wp-json\/wp\/v2\/users\/2"}],"replies":[{"embeddable":true,"href":"https:\/\/foodchoicesexposed.panda.org\/pt-pt\/wp-json\/wp\/v2\/comments?post=170"}],"version-history":[{"count":7,"href":"https:\/\/foodchoicesexposed.panda.org\/pt-pt\/wp-json\/wp\/v2\/pages\/170\/revisions"}],"predecessor-version":[{"id":503,"href":"https:\/\/foodchoicesexposed.panda.org\/pt-pt\/wp-json\/wp\/v2\/pages\/170\/revisions\/503"}],"wp:attachment":[{"href":"https:\/\/foodchoicesexposed.panda.org\/pt-pt\/wp-json\/wp\/v2\/media?parent=170"}],"curies":[{"name":"wp","href":"https:\/\/api.w.org\/{rel}","templated":true}]}}