{"id":411,"date":"2023-04-14T12:11:08","date_gmt":"2023-04-14T15:11:08","guid":{"rendered":"https:\/\/foodchoicesexposed.panda.org\/about-2\/"},"modified":"2023-04-27T01:14:42","modified_gmt":"2023-04-27T04:14:42","slug":"about","status":"publish","type":"page","link":"https:\/\/foodchoicesexposed.panda.org\/pt-pt\/about\/","title":{"rendered":"Sobre n\u00f3s"},"content":{"rendered":"<p>Porque \u00e9 que compraste aquele refrigerante no supermercado se n\u00e3o tinhas inten\u00e7\u00f5es de o fazer? Decidiste comer carne hoje porque o &#8220;teu corpo precisa de prote\u00edna&#8221;? N\u00e3o tens muita fome, mas ainda assim quiseste aquele prato extra que estava com 30% de desconto. Porqu\u00ea?<\/p>\n<p><i>Food Choices Exposed<\/i> \u00e9 uma ferramenta online cujo objetivo \u00e9 ajudar-nos a compreender o que influencia as nossas decis\u00f5es alimentares. Fatores como pr\u00e1ticas de <i>marketing<\/i> enganosas, pre\u00e7os elevados, disponibilidade limitada de alimentos saud\u00e1veis e sustent\u00e1veis, entre outros, t\u00eam um enorme impacto nas nossas escolhas, levando-nos frequentemente a optar por alimentos nocivos para o planeta e para a nossa sa\u00fade. Contudo, atrav\u00e9s do ativismo e de escolhas mais conscientes e informadas, temos o poder de mudar.<\/p>\n<p>Esta ferramenta levar-te-\u00e1 numa viagem por quatro ambientes alimentares diferentes, nos quais fazemos escolhas todos os dias. Come\u00e7a agora!<\/p>\n<p>Esta ferramenta foi criada no \u00e2mbito do projeto <a href=\"https:\/\/www.wwf.eu\/what_we_do\/eu_international_partnerships\/wwf_eu_funded_projects\/eat4change\/\" target=\"_blank\" rel=\"noopener\">#Eat4Change<\/a> da ANPlWWF, o qual visa envolver os jovens no tema da alimenta\u00e7\u00e3o sustent\u00e1vel, demonstrando a forma como as dietas individuais podem ter impacto no bem-estar das pessoas e do planeta. O projeto \u00e9 financiado pelo Programa\u00a0de Educa\u00e7\u00e3o e Sensibiliza\u00e7\u00e3o para o Desenvolvimento da\u00a0Comiss\u00e3o\u00a0Europeia (<a href=\"http:\/\/dearprogramme.eu\/\" target=\"_blank\" rel=\"noopener\">DEAR<\/a>).<\/p>\n<p>Tens alguma quest\u00e3o ou coment\u00e1rio sobre esta ferramenta? Podes <a href=\"#form\">contactar-nos aqui<\/a>.<\/p>\n","protected":false},"excerpt":{"rendered":"<p>Porque \u00e9 que compraste aquele refrigerante no supermercado se n\u00e3o tinhas inten\u00e7\u00f5es de o fazer? Decidiste comer carne hoje porque o &#8220;teu corpo precisa de prote\u00edna&#8221;? N\u00e3o tens muita fome, mas ainda assim quiseste aquele prato extra que estava com 30% de desconto. Porqu\u00ea? Food Choices Exposed \u00e9 uma ferramenta online cujo objetivo \u00e9 ajudar-nos [&hellip;]<\/p>\n","protected":false},"author":3,"featured_media":0,"parent":0,"menu_order":0,"comment_status":"closed","ping_status":"closed","template":"template-about.php","meta":{"footnotes":""},"class_list":["post-411","page","type-page","status-publish","hentry"],"yoast_head":"<!-- This site is optimized with the Yoast SEO plugin v27.5 - https:\/\/yoast.com\/product\/yoast-seo-wordpress\/ -->\n<title>Sobre n\u00f3s - WWF<\/title>\n<meta name=\"robots\" content=\"index, follow, max-snippet:-1, max-image-preview:large, max-video-preview:-1\" \/>\n<link rel=\"canonical\" href=\"https:\/\/foodchoicesexposed.panda.org\/pt-pt\/about\/\" \/>\n<meta property=\"og:locale\" content=\"pt_PT\" \/>\n<meta property=\"og:type\" content=\"article\" \/>\n<meta property=\"og:title\" content=\"Sobre n\u00f3s - WWF\" \/>\n<meta property=\"og:description\" content=\"Porque \u00e9 que compraste aquele refrigerante no supermercado se n\u00e3o tinhas inten\u00e7\u00f5es de o fazer? Decidiste comer carne hoje porque o &#8220;teu corpo precisa de prote\u00edna&#8221;? N\u00e3o tens muita fome, mas ainda assim quiseste aquele prato extra que estava com 30% de desconto. Porqu\u00ea? Food Choices Exposed \u00e9 uma ferramenta online cujo objetivo \u00e9 ajudar-nos [&hellip;]\" \/>\n<meta property=\"og:url\" content=\"https:\/\/foodchoicesexposed.panda.org\/pt-pt\/about\/\" \/>\n<meta property=\"og:site_name\" content=\"WWF\" \/>\n<meta property=\"article:modified_time\" content=\"2023-04-27T04:14:42+00:00\" \/>\n<meta property=\"og:image\" content=\"https:\/\/foodchoicesexposed.panda.org\/wp-content\/uploads\/2023\/04\/wwf-food-choices-pt.png\" \/>\n\t<meta property=\"og:image:width\" content=\"1200\" \/>\n\t<meta property=\"og:image:height\" content=\"675\" \/>\n\t<meta property=\"og:image:type\" content=\"image\/png\" \/>\n<meta name=\"twitter:card\" content=\"summary_large_image\" \/>\n<meta name=\"twitter:image\" content=\"https:\/\/foodchoicesexposed.panda.org\/wp-content\/uploads\/2023\/04\/wwf-food-choices-pt.png\" \/>\n<meta name=\"twitter:label1\" content=\"Tempo estimado de leitura\" \/>\n\t<meta name=\"twitter:data1\" content=\"1 minuto\" \/>\n<script type=\"application\/ld+json\" class=\"yoast-schema-graph\">{\"@context\":\"https:\\\/\\\/schema.org\",\"@graph\":[{\"@type\":\"WebPage\",\"@id\":\"https:\\\/\\\/foodchoicesexposed.panda.org\\\/pt-pt\\\/about\\\/\",\"url\":\"https:\\\/\\\/foodchoicesexposed.panda.org\\\/pt-pt\\\/about\\\/\",\"name\":\"Sobre n\u00f3s - WWF\",\"isPartOf\":{\"@id\":\"https:\\\/\\\/foodchoicesexposed.panda.org\\\/#website\"},\"datePublished\":\"2023-04-14T15:11:08+00:00\",\"dateModified\":\"2023-04-27T04:14:42+00:00\",\"breadcrumb\":{\"@id\":\"https:\\\/\\\/foodchoicesexposed.panda.org\\\/pt-pt\\\/about\\\/#breadcrumb\"},\"inLanguage\":\"pt-PT\",\"potentialAction\":[{\"@type\":\"ReadAction\",\"target\":[\"https:\\\/\\\/foodchoicesexposed.panda.org\\\/pt-pt\\\/about\\\/\"]}]},{\"@type\":\"BreadcrumbList\",\"@id\":\"https:\\\/\\\/foodchoicesexposed.panda.org\\\/pt-pt\\\/about\\\/#breadcrumb\",\"itemListElement\":[{\"@type\":\"ListItem\",\"position\":1,\"name\":\"Home\",\"item\":\"https:\\\/\\\/foodchoicesexposed.panda.org\\\/pt-pt\\\/\"},{\"@type\":\"ListItem\",\"position\":2,\"name\":\"Sobre n\u00f3s\"}]},{\"@type\":\"WebSite\",\"@id\":\"https:\\\/\\\/foodchoicesexposed.panda.org\\\/#website\",\"url\":\"https:\\\/\\\/foodchoicesexposed.panda.org\\\/\",\"name\":\"What impacts your food choices?\",\"description\":\"\",\"publisher\":{\"@id\":\"https:\\\/\\\/foodchoicesexposed.panda.org\\\/#organization\"},\"potentialAction\":[{\"@type\":\"SearchAction\",\"target\":{\"@type\":\"EntryPoint\",\"urlTemplate\":\"https:\\\/\\\/foodchoicesexposed.panda.org\\\/?s={search_term_string}\"},\"query-input\":{\"@type\":\"PropertyValueSpecification\",\"valueRequired\":true,\"valueName\":\"search_term_string\"}}],\"inLanguage\":\"pt-PT\"},{\"@type\":\"Organization\",\"@id\":\"https:\\\/\\\/foodchoicesexposed.panda.org\\\/#organization\",\"name\":\"What impacts your food choices?\",\"url\":\"https:\\\/\\\/foodchoicesexposed.panda.org\\\/\",\"logo\":{\"@type\":\"ImageObject\",\"inLanguage\":\"pt-PT\",\"@id\":\"https:\\\/\\\/foodchoicesexposed.panda.org\\\/#\\\/schema\\\/logo\\\/image\\\/\",\"url\":\"https:\\\/\\\/foodchoicesexposed.panda.org\\\/wp-content\\\/uploads\\\/2023\\\/04\\\/Sin-titulo.png\",\"contentUrl\":\"https:\\\/\\\/foodchoicesexposed.panda.org\\\/wp-content\\\/uploads\\\/2023\\\/04\\\/Sin-titulo.png\",\"width\":259,\"height\":194,\"caption\":\"What impacts your food choices?\"},\"image\":{\"@id\":\"https:\\\/\\\/foodchoicesexposed.panda.org\\\/#\\\/schema\\\/logo\\\/image\\\/\"}}]}<\/script>\n<!-- \/ Yoast SEO plugin. -->","yoast_head_json":{"title":"Sobre n\u00f3s - WWF","robots":{"index":"index","follow":"follow","max-snippet":"max-snippet:-1","max-image-preview":"max-image-preview:large","max-video-preview":"max-video-preview:-1"},"canonical":"https:\/\/foodchoicesexposed.panda.org\/pt-pt\/about\/","og_locale":"pt_PT","og_type":"article","og_title":"Sobre n\u00f3s - WWF","og_description":"Porque \u00e9 que compraste aquele refrigerante no supermercado se n\u00e3o tinhas inten\u00e7\u00f5es de o fazer? Decidiste comer carne hoje porque o &#8220;teu corpo precisa de prote\u00edna&#8221;? N\u00e3o tens muita fome, mas ainda assim quiseste aquele prato extra que estava com 30% de desconto. Porqu\u00ea? Food Choices Exposed \u00e9 uma ferramenta online cujo objetivo \u00e9 ajudar-nos [&hellip;]","og_url":"https:\/\/foodchoicesexposed.panda.org\/pt-pt\/about\/","og_site_name":"WWF","article_modified_time":"2023-04-27T04:14:42+00:00","og_image":[{"width":1200,"height":675,"url":"https:\/\/foodchoicesexposed.panda.org\/wp-content\/uploads\/2023\/04\/wwf-food-choices-pt.png","type":"image\/png"}],"twitter_card":"summary_large_image","twitter_image":"https:\/\/foodchoicesexposed.panda.org\/wp-content\/uploads\/2023\/04\/wwf-food-choices-pt.png","twitter_misc":{"Tempo estimado de leitura":"1 minuto"},"schema":{"@context":"https:\/\/schema.org","@graph":[{"@type":"WebPage","@id":"https:\/\/foodchoicesexposed.panda.org\/pt-pt\/about\/","url":"https:\/\/foodchoicesexposed.panda.org\/pt-pt\/about\/","name":"Sobre n\u00f3s - WWF","isPartOf":{"@id":"https:\/\/foodchoicesexposed.panda.org\/#website"},"datePublished":"2023-04-14T15:11:08+00:00","dateModified":"2023-04-27T04:14:42+00:00","breadcrumb":{"@id":"https:\/\/foodchoicesexposed.panda.org\/pt-pt\/about\/#breadcrumb"},"inLanguage":"pt-PT","potentialAction":[{"@type":"ReadAction","target":["https:\/\/foodchoicesexposed.panda.org\/pt-pt\/about\/"]}]},{"@type":"BreadcrumbList","@id":"https:\/\/foodchoicesexposed.panda.org\/pt-pt\/about\/#breadcrumb","itemListElement":[{"@type":"ListItem","position":1,"name":"Home","item":"https:\/\/foodchoicesexposed.panda.org\/pt-pt\/"},{"@type":"ListItem","position":2,"name":"Sobre n\u00f3s"}]},{"@type":"WebSite","@id":"https:\/\/foodchoicesexposed.panda.org\/#website","url":"https:\/\/foodchoicesexposed.panda.org\/","name":"What impacts your food choices?","description":"","publisher":{"@id":"https:\/\/foodchoicesexposed.panda.org\/#organization"},"potentialAction":[{"@type":"SearchAction","target":{"@type":"EntryPoint","urlTemplate":"https:\/\/foodchoicesexposed.panda.org\/?s={search_term_string}"},"query-input":{"@type":"PropertyValueSpecification","valueRequired":true,"valueName":"search_term_string"}}],"inLanguage":"pt-PT"},{"@type":"Organization","@id":"https:\/\/foodchoicesexposed.panda.org\/#organization","name":"What impacts your food choices?","url":"https:\/\/foodchoicesexposed.panda.org\/","logo":{"@type":"ImageObject","inLanguage":"pt-PT","@id":"https:\/\/foodchoicesexposed.panda.org\/#\/schema\/logo\/image\/","url":"https:\/\/foodchoicesexposed.panda.org\/wp-content\/uploads\/2023\/04\/Sin-titulo.png","contentUrl":"https:\/\/foodchoicesexposed.panda.org\/wp-content\/uploads\/2023\/04\/Sin-titulo.png","width":259,"height":194,"caption":"What impacts your food choices?"},"image":{"@id":"https:\/\/foodchoicesexposed.panda.org\/#\/schema\/logo\/image\/"}}]}},"_links":{"self":[{"href":"https:\/\/foodchoicesexposed.panda.org\/pt-pt\/wp-json\/wp\/v2\/pages\/411","targetHints":{"allow":["GET"]}}],"collection":[{"href":"https:\/\/foodchoicesexposed.panda.org\/pt-pt\/wp-json\/wp\/v2\/pages"}],"about":[{"href":"https:\/\/foodchoicesexposed.panda.org\/pt-pt\/wp-json\/wp\/v2\/types\/page"}],"author":[{"embeddable":true,"href":"https:\/\/foodchoicesexposed.panda.org\/pt-pt\/wp-json\/wp\/v2\/users\/3"}],"replies":[{"embeddable":true,"href":"https:\/\/foodchoicesexposed.panda.org\/pt-pt\/wp-json\/wp\/v2\/comments?post=411"}],"version-history":[{"count":3,"href":"https:\/\/foodchoicesexposed.panda.org\/pt-pt\/wp-json\/wp\/v2\/pages\/411\/revisions"}],"predecessor-version":[{"id":671,"href":"https:\/\/foodchoicesexposed.panda.org\/pt-pt\/wp-json\/wp\/v2\/pages\/411\/revisions\/671"}],"wp:attachment":[{"href":"https:\/\/foodchoicesexposed.panda.org\/pt-pt\/wp-json\/wp\/v2\/media?parent=411"}],"curies":[{"name":"wp","href":"https:\/\/api.w.org\/{rel}","templated":true}]}}